
{"id":121533,"date":"2024-10-08T14:51:28","date_gmt":"2024-10-08T14:51:28","guid":{"rendered":"https:\/\/www.emporio.si\/product\/fleece-picnic-and-sofa-blanket\/"},"modified":"2025-11-10T13:19:20","modified_gmt":"2025-11-10T13:19:20","slug":"odejo-za-piknik-in-kavc-iz-flisa","status":"publish","type":"product","link":"https:\/\/www.emporio.si\/si\/p\/odejo-za-piknik-in-kavc-iz-flisa\/","title":{"rendered":"Fleecova odeja za piknik in kav\u010d"},"content":{"rendered":"<p>Velika udobna in prijetna odeja iz flisa s priro\u010dnim trakom za no\u0161enje in domiselnimi \u0161ivi. Va\u0161 logotip bomo natisnili na trak za no\u0161enje ali ga pri\u0161ili na odejo.<\/p>","protected":false},"excerpt":{"rendered":"<p>Velika udobna in prijetna odeja iz flisa s priro\u010dnim trakom za no\u0161enje in domiselnimi \u0161ivi. Va\u0161 logotip bomo natisnili na trak za no\u0161enje ali ga pri\u0161ili na odejo.<\/p>","protected":false},"featured_media":121499,"template":"","meta":{"_acf_changed":false,"inline_featured_image":false,"_bst_post_transparent":"","_bst_post_title":"","_bst_post_layout":"","_bst_post_sidebar_id":"","_bst_post_content_style":"","_bst_post_vertical_padding":"","_bst_post_feature":"","_bst_post_feature_position":"","_bst_post_header":false,"_bst_post_footer":false},"product_brand":[],"product_cat":[2499,2506],"product_tag":[],"class_list":{"0":"post-121533","1":"product","2":"type-product","3":"status-publish","4":"has-post-thumbnail","6":"product_cat-barbecue-picnic-and-outdoor","7":"product_cat-home-accessories","9":"first","10":"instock","11":"taxable","12":"shipping-taxable","13":"purchasable","14":"product-type-variable","15":"entry","16":"content-bg","17":"loop-entry"},"acf":[],"_links":{"self":[{"href":"https:\/\/www.emporio.si\/si\/wp-json\/wp\/v2\/product\/121533","targetHints":{"allow":["GET"]}}],"collection":[{"href":"https:\/\/www.emporio.si\/si\/wp-json\/wp\/v2\/product"}],"about":[{"href":"https:\/\/www.emporio.si\/si\/wp-json\/wp\/v2\/types\/product"}],"wp:featuredmedia":[{"embeddable":true,"href":"https:\/\/www.emporio.si\/si\/wp-json\/wp\/v2\/media\/121499"}],"wp:attachment":[{"href":"https:\/\/www.emporio.si\/si\/wp-json\/wp\/v2\/media?parent=121533"}],"wp:term":[{"taxonomy":"product_brand","embeddable":true,"href":"https:\/\/www.emporio.si\/si\/wp-json\/wp\/v2\/product_brand?post=121533"},{"taxonomy":"product_cat","embeddable":true,"href":"https:\/\/www.emporio.si\/si\/wp-json\/wp\/v2\/product_cat?post=121533"},{"taxonomy":"product_tag","embeddable":true,"href":"https:\/\/www.emporio.si\/si\/wp-json\/wp\/v2\/product_tag?post=121533"}],"curies":[{"name":"wp","href":"https:\/\/api.w.org\/{rel}","templated":true}]}}