
{"id":121695,"date":"2024-10-08T14:52:01","date_gmt":"2024-10-08T14:52:01","guid":{"rendered":"https:\/\/www.emporio.si\/product\/umbrella-with-uv-protection\/"},"modified":"2025-11-10T13:19:22","modified_gmt":"2025-11-10T13:19:22","slug":"deznik-z-uv-zascito","status":"publish","type":"product","link":"https:\/\/www.emporio.si\/si\/p\/deznik-z-uv-zascito\/","title":{"rendered":"De\u017enik z UV za\u0161\u010dito"},"content":{"rendered":"<p>Lahek (le 340 gramov) visokokakovosten avtomatski de\u017enik z UV-za\u0161\u010dito. Na enem segmentu bomo natisnili va\u0161 logotip. Celobarvni tisk na zahtevo.<\/p>","protected":false},"excerpt":{"rendered":"<p>Lahek (le 340 gramov) visokokakovosten avtomatski de\u017enik z UV-za\u0161\u010dito. Na enem segmentu bomo natisnili va\u0161 logotip. Celobarvni tisk na zahtevo.<\/p>","protected":false},"featured_media":121681,"template":"","meta":{"_acf_changed":false,"inline_featured_image":false,"_bst_post_transparent":"","_bst_post_title":"","_bst_post_layout":"","_bst_post_sidebar_id":"","_bst_post_content_style":"","_bst_post_vertical_padding":"","_bst_post_feature":"","_bst_post_feature_position":"","_bst_post_header":false,"_bst_post_footer":false},"product_brand":[],"product_cat":[2490],"product_tag":[],"class_list":{"0":"post-121695","1":"product","2":"type-product","3":"status-publish","4":"has-post-thumbnail","6":"product_cat-umbrellas","8":"first","9":"instock","10":"taxable","11":"shipping-taxable","12":"purchasable","13":"product-type-variable","14":"entry","15":"content-bg","16":"loop-entry"},"acf":[],"_links":{"self":[{"href":"https:\/\/www.emporio.si\/si\/wp-json\/wp\/v2\/product\/121695","targetHints":{"allow":["GET"]}}],"collection":[{"href":"https:\/\/www.emporio.si\/si\/wp-json\/wp\/v2\/product"}],"about":[{"href":"https:\/\/www.emporio.si\/si\/wp-json\/wp\/v2\/types\/product"}],"wp:featuredmedia":[{"embeddable":true,"href":"https:\/\/www.emporio.si\/si\/wp-json\/wp\/v2\/media\/121681"}],"wp:attachment":[{"href":"https:\/\/www.emporio.si\/si\/wp-json\/wp\/v2\/media?parent=121695"}],"wp:term":[{"taxonomy":"product_brand","embeddable":true,"href":"https:\/\/www.emporio.si\/si\/wp-json\/wp\/v2\/product_brand?post=121695"},{"taxonomy":"product_cat","embeddable":true,"href":"https:\/\/www.emporio.si\/si\/wp-json\/wp\/v2\/product_cat?post=121695"},{"taxonomy":"product_tag","embeddable":true,"href":"https:\/\/www.emporio.si\/si\/wp-json\/wp\/v2\/product_tag?post=121695"}],"curies":[{"name":"wp","href":"https:\/\/api.w.org\/{rel}","templated":true}]}}