
{"id":121920,"date":"2024-10-08T14:52:56","date_gmt":"2024-10-08T14:52:56","guid":{"rendered":"https:\/\/www.emporio.si\/product\/bottle-opener-in-the-shape-of-a-beer-crate\/"},"modified":"2025-10-15T19:20:01","modified_gmt":"2025-10-15T19:20:01","slug":"odpirac-za-steklenice-v-obliki-zaboja-za-pivo","status":"publish","type":"product","link":"https:\/\/www.emporio.si\/si\/p\/odpirac-za-steklenice-v-obliki-zaboja-za-pivo\/","title":{"rendered":"Odpira\u010d za steklenice v obliki zaboja za pivo"},"content":{"rendered":"<p>Plasti\u010dni odpira\u010d za steklenice v obliki zaboja za pivo. Va\u0161 logotip bomo natisnili neposredno na odpira\u010d.<\/p>","protected":false},"excerpt":{"rendered":"<p>Plasti\u010dni odpira\u010d za steklenice v obliki zaboja za pivo. Va\u0161 logotip bomo natisnili neposredno na odpira\u010d.<\/p>","protected":false},"featured_media":121909,"template":"","meta":{"_acf_changed":false,"inline_featured_image":false,"_bst_post_transparent":"","_bst_post_title":"","_bst_post_layout":"","_bst_post_sidebar_id":"","_bst_post_content_style":"","_bst_post_vertical_padding":"","_bst_post_feature":"","_bst_post_feature_position":"","_bst_post_header":false,"_bst_post_footer":false},"product_brand":[],"product_cat":[2510],"product_tag":[],"class_list":{"0":"post-121920","1":"product","2":"type-product","3":"status-publish","4":"has-post-thumbnail","6":"product_cat-bottle-opener-glass-opener","8":"first","9":"outofstock","10":"taxable","11":"shipping-taxable","12":"purchasable","13":"product-type-variable","14":"entry","15":"content-bg","16":"loop-entry"},"acf":[],"_links":{"self":[{"href":"https:\/\/www.emporio.si\/si\/wp-json\/wp\/v2\/product\/121920","targetHints":{"allow":["GET"]}}],"collection":[{"href":"https:\/\/www.emporio.si\/si\/wp-json\/wp\/v2\/product"}],"about":[{"href":"https:\/\/www.emporio.si\/si\/wp-json\/wp\/v2\/types\/product"}],"wp:featuredmedia":[{"embeddable":true,"href":"https:\/\/www.emporio.si\/si\/wp-json\/wp\/v2\/media\/121909"}],"wp:attachment":[{"href":"https:\/\/www.emporio.si\/si\/wp-json\/wp\/v2\/media?parent=121920"}],"wp:term":[{"taxonomy":"product_brand","embeddable":true,"href":"https:\/\/www.emporio.si\/si\/wp-json\/wp\/v2\/product_brand?post=121920"},{"taxonomy":"product_cat","embeddable":true,"href":"https:\/\/www.emporio.si\/si\/wp-json\/wp\/v2\/product_cat?post=121920"},{"taxonomy":"product_tag","embeddable":true,"href":"https:\/\/www.emporio.si\/si\/wp-json\/wp\/v2\/product_tag?post=121920"}],"curies":[{"name":"wp","href":"https:\/\/api.w.org\/{rel}","templated":true}]}}