
{"id":122046,"date":"2024-10-08T14:53:31","date_gmt":"2024-10-08T14:53:31","guid":{"rendered":"https:\/\/www.emporio.si\/product\/cheese-set-with-slate-cutting-board\/"},"modified":"2025-11-10T13:19:26","modified_gmt":"2025-11-10T13:19:26","slug":"komplet-za-sir-z-desko-za-rezanje-iz-skrilavca","status":"publish","type":"product","link":"https:\/\/www.emporio.si\/si\/p\/komplet-za-sir-z-desko-za-rezanje-iz-skrilavca\/","title":{"rendered":"Komplet sirov z desko za rezanje iz skrilavca"},"content":{"rendered":"<p>Set za sir v trpe\u017eni kartonski darilni \u0161katli z enim rezalnim\/ predstavitvenim kro\u017enikom iz skrilavca, enim majhnim in enim ravnim no\u017eem za sir ter eno vilico za sir iz nerjave\u010dega jekla. Na kro\u017enik bomo gravirali va\u0161 logotip.<\/p>","protected":false},"excerpt":{"rendered":"<p>Set za sir v trpe\u017eni kartonski darilni \u0161katli z enim rezalnim\/ predstavitvenim kro\u017enikom iz skrilavca, enim majhnim in enim ravnim no\u017eem za sir ter eno vilico za sir iz nerjave\u010dega jekla. Na kro\u017enik bomo gravirali va\u0161 logotip.<\/p>","protected":false},"featured_media":122037,"template":"","meta":{"_acf_changed":false,"inline_featured_image":false,"_bst_post_transparent":"","_bst_post_title":"","_bst_post_layout":"","_bst_post_sidebar_id":"","_bst_post_content_style":"","_bst_post_vertical_padding":"","_bst_post_feature":"","_bst_post_feature_position":"","_bst_post_header":false,"_bst_post_footer":false},"product_brand":[],"product_cat":[2507],"product_tag":[],"class_list":{"0":"post-122046","1":"product","2":"type-product","3":"status-publish","4":"has-post-thumbnail","6":"product_cat-kitchen-accessories","8":"first","9":"instock","10":"taxable","11":"shipping-taxable","12":"purchasable","13":"product-type-variable","14":"entry","15":"content-bg","16":"loop-entry"},"acf":[],"_links":{"self":[{"href":"https:\/\/www.emporio.si\/si\/wp-json\/wp\/v2\/product\/122046","targetHints":{"allow":["GET"]}}],"collection":[{"href":"https:\/\/www.emporio.si\/si\/wp-json\/wp\/v2\/product"}],"about":[{"href":"https:\/\/www.emporio.si\/si\/wp-json\/wp\/v2\/types\/product"}],"wp:featuredmedia":[{"embeddable":true,"href":"https:\/\/www.emporio.si\/si\/wp-json\/wp\/v2\/media\/122037"}],"wp:attachment":[{"href":"https:\/\/www.emporio.si\/si\/wp-json\/wp\/v2\/media?parent=122046"}],"wp:term":[{"taxonomy":"product_brand","embeddable":true,"href":"https:\/\/www.emporio.si\/si\/wp-json\/wp\/v2\/product_brand?post=122046"},{"taxonomy":"product_cat","embeddable":true,"href":"https:\/\/www.emporio.si\/si\/wp-json\/wp\/v2\/product_cat?post=122046"},{"taxonomy":"product_tag","embeddable":true,"href":"https:\/\/www.emporio.si\/si\/wp-json\/wp\/v2\/product_tag?post=122046"}],"curies":[{"name":"wp","href":"https:\/\/api.w.org\/{rel}","templated":true}]}}