
{"id":122053,"date":"2024-10-08T14:53:32","date_gmt":"2024-10-08T14:53:32","guid":{"rendered":"https:\/\/www.emporio.si\/product\/wine-set-in-wooden-box\/"},"modified":"2025-11-10T13:19:27","modified_gmt":"2025-11-10T13:19:27","slug":"komplet-za-vino-v-leseni-skatli","status":"publish","type":"product","link":"https:\/\/www.emporio.si\/si\/p\/komplet-za-vino-v-leseni-skatli\/","title":{"rendered":"Set za vino v leseni \u0161katli"},"content":{"rendered":"<p>Lesena \u0161katla za vino* z vgrajenim natakarskim no\u017eem, pokrov\u010dkom za steklenice, izlivom in obro\u010dem za spu\u0161\u010danje. Dodatna lesena pregradna stena zagotavlja ve\u010djo stabilnost steklenice vina. Na pokrov zaboj\u010dka bomo natisnili va\u0161 logotip.<\/p>","protected":false},"excerpt":{"rendered":"<p>Lesena \u0161katla za vino* z vgrajenim natakarskim no\u017eem, pokrov\u010dkom za steklenice, izlivom in obro\u010dem za spu\u0161\u010danje. Dodatna lesena pregradna stena zagotavlja ve\u010djo stabilnost steklenice vina. Na pokrov zaboj\u010dka bomo natisnili va\u0161 logotip.<\/p>","protected":false},"featured_media":122047,"template":"","meta":{"_acf_changed":false,"inline_featured_image":false,"_bst_post_transparent":"","_bst_post_title":"","_bst_post_layout":"","_bst_post_sidebar_id":"","_bst_post_content_style":"","_bst_post_vertical_padding":"","_bst_post_feature":"","_bst_post_feature_position":"","_bst_post_header":false,"_bst_post_footer":false},"product_brand":[],"product_cat":[2512,2513],"product_tag":[],"class_list":{"0":"post-122053","1":"product","2":"type-product","3":"status-publish","4":"has-post-thumbnail","6":"product_cat-sets-and-drinking-accessories","7":"product_cat-wine-bar","9":"first","10":"instock","11":"taxable","12":"shipping-taxable","13":"purchasable","14":"product-type-variable","15":"entry","16":"content-bg","17":"loop-entry"},"acf":[],"_links":{"self":[{"href":"https:\/\/www.emporio.si\/si\/wp-json\/wp\/v2\/product\/122053","targetHints":{"allow":["GET"]}}],"collection":[{"href":"https:\/\/www.emporio.si\/si\/wp-json\/wp\/v2\/product"}],"about":[{"href":"https:\/\/www.emporio.si\/si\/wp-json\/wp\/v2\/types\/product"}],"wp:featuredmedia":[{"embeddable":true,"href":"https:\/\/www.emporio.si\/si\/wp-json\/wp\/v2\/media\/122047"}],"wp:attachment":[{"href":"https:\/\/www.emporio.si\/si\/wp-json\/wp\/v2\/media?parent=122053"}],"wp:term":[{"taxonomy":"product_brand","embeddable":true,"href":"https:\/\/www.emporio.si\/si\/wp-json\/wp\/v2\/product_brand?post=122053"},{"taxonomy":"product_cat","embeddable":true,"href":"https:\/\/www.emporio.si\/si\/wp-json\/wp\/v2\/product_cat?post=122053"},{"taxonomy":"product_tag","embeddable":true,"href":"https:\/\/www.emporio.si\/si\/wp-json\/wp\/v2\/product_tag?post=122053"}],"curies":[{"name":"wp","href":"https:\/\/api.w.org\/{rel}","templated":true}]}}