
{"id":122113,"date":"2024-10-08T14:53:45","date_gmt":"2024-10-08T14:53:45","guid":{"rendered":"https:\/\/www.emporio.si\/product\/note-pad-with-bamboo-cover-a5\/"},"modified":"2025-11-10T13:19:27","modified_gmt":"2025-11-10T13:19:27","slug":"beleznica-z-bambusovim-ovitkom-a5","status":"publish","type":"product","link":"https:\/\/www.emporio.si\/si\/p\/beleznica-z-bambusovim-ovitkom-a5\/","title":{"rendered":"Bele\u017enica z bambusovim ovitkom A5"},"content":{"rendered":"<p>Modno in ekolo\u0161ko: bele\u017enica v obliki plo\u0161\u010de z ovitkom iz pravega bambusa in 140 vrsticami iz nebeljenega papirja za recikliranje, vklju\u010duje modro pisalno krogli\u010dno pero iz bambusa. Na ovitek bomo gravirali va\u0161 logotip.<\/p>","protected":false},"excerpt":{"rendered":"<p>Modno in ekolo\u0161ko: bele\u017enica v obliki plo\u0161\u010de z ovitkom iz pravega bambusa in 140 vrsticami iz nebeljenega papirja za recikliranje, vklju\u010duje modro pisalno krogli\u010dno pero iz bambusa. Na ovitek bomo gravirali va\u0161 logotip.<\/p>","protected":false},"featured_media":122102,"template":"","meta":{"_acf_changed":false,"inline_featured_image":false,"_bst_post_transparent":"","_bst_post_title":"","_bst_post_layout":"","_bst_post_sidebar_id":"","_bst_post_content_style":"","_bst_post_vertical_padding":"","_bst_post_feature":"","_bst_post_feature_position":"","_bst_post_header":false,"_bst_post_footer":false},"product_brand":[],"product_cat":[2482],"product_tag":[],"class_list":{"0":"post-122113","1":"product","2":"type-product","3":"status-publish","4":"has-post-thumbnail","6":"product_cat-notebooks-and-folders","8":"first","9":"instock","10":"taxable","11":"shipping-taxable","12":"purchasable","13":"product-type-variable","14":"entry","15":"content-bg","16":"loop-entry"},"acf":[],"_links":{"self":[{"href":"https:\/\/www.emporio.si\/si\/wp-json\/wp\/v2\/product\/122113","targetHints":{"allow":["GET"]}}],"collection":[{"href":"https:\/\/www.emporio.si\/si\/wp-json\/wp\/v2\/product"}],"about":[{"href":"https:\/\/www.emporio.si\/si\/wp-json\/wp\/v2\/types\/product"}],"wp:featuredmedia":[{"embeddable":true,"href":"https:\/\/www.emporio.si\/si\/wp-json\/wp\/v2\/media\/122102"}],"wp:attachment":[{"href":"https:\/\/www.emporio.si\/si\/wp-json\/wp\/v2\/media?parent=122113"}],"wp:term":[{"taxonomy":"product_brand","embeddable":true,"href":"https:\/\/www.emporio.si\/si\/wp-json\/wp\/v2\/product_brand?post=122113"},{"taxonomy":"product_cat","embeddable":true,"href":"https:\/\/www.emporio.si\/si\/wp-json\/wp\/v2\/product_cat?post=122113"},{"taxonomy":"product_tag","embeddable":true,"href":"https:\/\/www.emporio.si\/si\/wp-json\/wp\/v2\/product_tag?post=122113"}],"curies":[{"name":"wp","href":"https:\/\/api.w.org\/{rel}","templated":true}]}}