
{"id":122486,"date":"2024-10-08T14:55:06","date_gmt":"2024-10-08T14:55:06","guid":{"rendered":"https:\/\/www.emporio.si\/product\/keychain-with-bottle-opener-and-5-mini-snap-hooks\/"},"modified":"2025-11-10T19:07:01","modified_gmt":"2025-11-10T19:07:01","slug":"obesek-za-kljuce-z-odpiracem-za-steklenice-in-5-mini-kljukicami","status":"publish","type":"product","link":"https:\/\/www.emporio.si\/si\/p\/obesek-za-kljuce-z-odpiracem-za-steklenice-in-5-mini-kljukicami\/","title":{"rendered":"obesek za klju\u010de z odpira\u010dem za steklenice in 5 mini kljukicami"},"content":{"rendered":"<p>Obesek za klju\u010de z odpira\u010dem za steklenice, trakom iz poliestra in 5 razli\u010dnimi barvnimi mini kljukicami. Na odpira\u010d za steklenice bo graviran va\u0161 oglas.<\/p>","protected":false},"excerpt":{"rendered":"<p>Obesek za klju\u010de z odpira\u010dem za steklenice, trakom iz poliestra in 5 razli\u010dnimi barvnimi mini kljukicami. Na odpira\u010d za steklenice bo graviran va\u0161 oglas.<\/p>","protected":false},"featured_media":122481,"template":"","meta":{"_acf_changed":false,"inline_featured_image":false,"_bst_post_transparent":"","_bst_post_title":"","_bst_post_layout":"","_bst_post_sidebar_id":"","_bst_post_content_style":"","_bst_post_vertical_padding":"","_bst_post_feature":"","_bst_post_feature_position":"","_bst_post_header":false,"_bst_post_footer":false},"product_brand":[],"product_cat":[2510,2524],"product_tag":[],"class_list":{"0":"post-122486","1":"product","2":"type-product","3":"status-publish","4":"has-post-thumbnail","6":"product_cat-bottle-opener-glass-opener","7":"product_cat-keychains","9":"first","10":"outofstock","11":"taxable","12":"shipping-taxable","13":"purchasable","14":"product-type-variable","15":"entry","16":"content-bg","17":"loop-entry"},"acf":[],"_links":{"self":[{"href":"https:\/\/www.emporio.si\/si\/wp-json\/wp\/v2\/product\/122486","targetHints":{"allow":["GET"]}}],"collection":[{"href":"https:\/\/www.emporio.si\/si\/wp-json\/wp\/v2\/product"}],"about":[{"href":"https:\/\/www.emporio.si\/si\/wp-json\/wp\/v2\/types\/product"}],"wp:featuredmedia":[{"embeddable":true,"href":"https:\/\/www.emporio.si\/si\/wp-json\/wp\/v2\/media\/122481"}],"wp:attachment":[{"href":"https:\/\/www.emporio.si\/si\/wp-json\/wp\/v2\/media?parent=122486"}],"wp:term":[{"taxonomy":"product_brand","embeddable":true,"href":"https:\/\/www.emporio.si\/si\/wp-json\/wp\/v2\/product_brand?post=122486"},{"taxonomy":"product_cat","embeddable":true,"href":"https:\/\/www.emporio.si\/si\/wp-json\/wp\/v2\/product_cat?post=122486"},{"taxonomy":"product_tag","embeddable":true,"href":"https:\/\/www.emporio.si\/si\/wp-json\/wp\/v2\/product_tag?post=122486"}],"curies":[{"name":"wp","href":"https:\/\/api.w.org\/{rel}","templated":true}]}}