
{"id":122490,"date":"2024-10-08T14:55:07","date_gmt":"2024-10-08T14:55:07","guid":{"rendered":"https:\/\/www.emporio.si\/product\/automatic-umbrella-with-aluminum-handle\/"},"modified":"2025-11-10T13:19:31","modified_gmt":"2025-11-10T13:19:31","slug":"avtomatski-deznik-z-aluminijastim-rocajem","status":"publish","type":"product","link":"https:\/\/www.emporio.si\/si\/p\/avtomatski-deznik-z-aluminijastim-rocajem\/","title":{"rendered":"Samodejni de\u017enik z aluminijastim ro\u010dajem"},"content":{"rendered":"<p>De\u017enik z aluminijastim steblom iz pon\u017ea. Va\u0161 logotip bomo natisnili na enem segmentu. Celobarvni tisk na zahtevo.<\/p>","protected":false},"excerpt":{"rendered":"<p>De\u017enik z aluminijastim steblom iz pon\u017ea. Va\u0161 logotip bomo natisnili na enem segmentu. Celobarvni tisk na zahtevo.<\/p>","protected":false},"featured_media":122487,"template":"","meta":{"_acf_changed":false,"inline_featured_image":false,"_bst_post_transparent":"","_bst_post_title":"","_bst_post_layout":"","_bst_post_sidebar_id":"","_bst_post_content_style":"","_bst_post_vertical_padding":"","_bst_post_feature":"","_bst_post_feature_position":"","_bst_post_header":false,"_bst_post_footer":false},"product_brand":[],"product_cat":[2490],"product_tag":[],"class_list":{"0":"post-122490","1":"product","2":"type-product","3":"status-publish","4":"has-post-thumbnail","6":"product_cat-umbrellas","8":"first","9":"instock","10":"taxable","11":"shipping-taxable","12":"purchasable","13":"product-type-variable","14":"entry","15":"content-bg","16":"loop-entry"},"acf":[],"_links":{"self":[{"href":"https:\/\/www.emporio.si\/si\/wp-json\/wp\/v2\/product\/122490","targetHints":{"allow":["GET"]}}],"collection":[{"href":"https:\/\/www.emporio.si\/si\/wp-json\/wp\/v2\/product"}],"about":[{"href":"https:\/\/www.emporio.si\/si\/wp-json\/wp\/v2\/types\/product"}],"wp:featuredmedia":[{"embeddable":true,"href":"https:\/\/www.emporio.si\/si\/wp-json\/wp\/v2\/media\/122487"}],"wp:attachment":[{"href":"https:\/\/www.emporio.si\/si\/wp-json\/wp\/v2\/media?parent=122490"}],"wp:term":[{"taxonomy":"product_brand","embeddable":true,"href":"https:\/\/www.emporio.si\/si\/wp-json\/wp\/v2\/product_brand?post=122490"},{"taxonomy":"product_cat","embeddable":true,"href":"https:\/\/www.emporio.si\/si\/wp-json\/wp\/v2\/product_cat?post=122490"},{"taxonomy":"product_tag","embeddable":true,"href":"https:\/\/www.emporio.si\/si\/wp-json\/wp\/v2\/product_tag?post=122490"}],"curies":[{"name":"wp","href":"https:\/\/api.w.org\/{rel}","templated":true}]}}