
{"id":123256,"date":"2024-10-08T14:57:47","date_gmt":"2024-10-08T14:57:47","guid":{"rendered":"https:\/\/www.emporio.si\/product\/drinking-mug-made-of-stainless-steel-double-walle\/"},"modified":"2025-11-10T13:19:40","modified_gmt":"2025-11-10T13:19:40","slug":"vrc-za-pitje-iz-nerjavnega-jekla-z-dvojnim-valjem","status":"publish","type":"product","link":"https:\/\/www.emporio.si\/si\/p\/vrc-za-pitje-iz-nerjavnega-jekla-z-dvojnim-valjem\/","title":{"rendered":"Vr\u010d za pitje iz nerjave\u010dega jekla z dvojno steno"},"content":{"rendered":"<p>Eleganten vr\u010d za pitje, ki ga je mogo\u010de odpreti in zapreti z gumbom na pokrovu. Vr\u010d ima prostornino 400 ml in je znotraj in zunaj izdelan iz visokokakovostnega nerjave\u010dega jekla. Va\u0161 logotip bo graviran.<\/p>","protected":false},"excerpt":{"rendered":"<p>Eleganten vr\u010d za pitje, ki ga je mogo\u010de odpreti in zapreti z gumbom na pokrovu. Vr\u010d ima prostornino 400 ml in je znotraj in zunaj izdelan iz visokokakovostnega nerjave\u010dega jekla. Va\u0161 logotip bo graviran.<\/p>","protected":false},"featured_media":123250,"template":"","meta":{"_acf_changed":false,"inline_featured_image":false,"_bst_post_transparent":"","_bst_post_title":"","_bst_post_layout":"","_bst_post_sidebar_id":"","_bst_post_content_style":"","_bst_post_vertical_padding":"","_bst_post_feature":"","_bst_post_feature_position":"","_bst_post_header":false,"_bst_post_footer":false},"product_brand":[],"product_cat":[2508],"product_tag":[],"class_list":{"0":"post-123256","1":"product","2":"type-product","3":"status-publish","4":"has-post-thumbnail","6":"product_cat-thermoses-and-thermos-mugs","8":"first","9":"instock","10":"taxable","11":"shipping-taxable","12":"purchasable","13":"product-type-variable","14":"entry","15":"content-bg","16":"loop-entry"},"acf":[],"_links":{"self":[{"href":"https:\/\/www.emporio.si\/si\/wp-json\/wp\/v2\/product\/123256","targetHints":{"allow":["GET"]}}],"collection":[{"href":"https:\/\/www.emporio.si\/si\/wp-json\/wp\/v2\/product"}],"about":[{"href":"https:\/\/www.emporio.si\/si\/wp-json\/wp\/v2\/types\/product"}],"wp:featuredmedia":[{"embeddable":true,"href":"https:\/\/www.emporio.si\/si\/wp-json\/wp\/v2\/media\/123250"}],"wp:attachment":[{"href":"https:\/\/www.emporio.si\/si\/wp-json\/wp\/v2\/media?parent=123256"}],"wp:term":[{"taxonomy":"product_brand","embeddable":true,"href":"https:\/\/www.emporio.si\/si\/wp-json\/wp\/v2\/product_brand?post=123256"},{"taxonomy":"product_cat","embeddable":true,"href":"https:\/\/www.emporio.si\/si\/wp-json\/wp\/v2\/product_cat?post=123256"},{"taxonomy":"product_tag","embeddable":true,"href":"https:\/\/www.emporio.si\/si\/wp-json\/wp\/v2\/product_tag?post=123256"}],"curies":[{"name":"wp","href":"https:\/\/api.w.org\/{rel}","templated":true}]}}