
{"id":123455,"date":"2024-10-08T14:58:28","date_gmt":"2024-10-08T14:58:28","guid":{"rendered":"https:\/\/www.emporio.si\/product\/apron-small-180g-eco-tex-standard-100\/"},"modified":"2025-11-10T13:19:43","modified_gmt":"2025-11-10T13:19:43","slug":"predpasnik-mali-180g-eko-tex-standard-100","status":"publish","type":"product","link":"https:\/\/www.emporio.si\/si\/p\/predpasnik-mali-180g-eko-tex-standard-100\/","title":{"rendered":"Predpasnik - majhen 180g Eco tex standard 100"},"content":{"rendered":"<p>Servirni predpasnik iz 180 g\/m\u00b2 bomba\u017ea Eco Tex standard 100 v razli\u010dnih barvah. Va\u0161 logotip bo natisnjen neposredno na predpasniku.<\/p>","protected":false},"excerpt":{"rendered":"<p>Servirni predpasnik iz 180 g\/m\u00b2 bomba\u017ea Eco Tex standard 100 v razli\u010dnih barvah. Va\u0161 logotip bo natisnjen neposredno na predpasniku.<\/p>","protected":false},"featured_media":123444,"template":"","meta":{"_acf_changed":false,"inline_featured_image":false,"_bst_post_transparent":"","_bst_post_title":"","_bst_post_layout":"","_bst_post_sidebar_id":"","_bst_post_content_style":"","_bst_post_vertical_padding":"","_bst_post_feature":"","_bst_post_feature_position":"","_bst_post_header":false,"_bst_post_footer":false},"product_brand":[],"product_cat":[2499,2507],"product_tag":[],"class_list":{"0":"post-123455","1":"product","2":"type-product","3":"status-publish","4":"has-post-thumbnail","6":"product_cat-barbecue-picnic-and-outdoor","7":"product_cat-kitchen-accessories","9":"first","10":"instock","11":"taxable","12":"shipping-taxable","13":"purchasable","14":"product-type-variable","15":"entry","16":"content-bg","17":"loop-entry"},"acf":[],"_links":{"self":[{"href":"https:\/\/www.emporio.si\/si\/wp-json\/wp\/v2\/product\/123455","targetHints":{"allow":["GET"]}}],"collection":[{"href":"https:\/\/www.emporio.si\/si\/wp-json\/wp\/v2\/product"}],"about":[{"href":"https:\/\/www.emporio.si\/si\/wp-json\/wp\/v2\/types\/product"}],"wp:featuredmedia":[{"embeddable":true,"href":"https:\/\/www.emporio.si\/si\/wp-json\/wp\/v2\/media\/123444"}],"wp:attachment":[{"href":"https:\/\/www.emporio.si\/si\/wp-json\/wp\/v2\/media?parent=123455"}],"wp:term":[{"taxonomy":"product_brand","embeddable":true,"href":"https:\/\/www.emporio.si\/si\/wp-json\/wp\/v2\/product_brand?post=123455"},{"taxonomy":"product_cat","embeddable":true,"href":"https:\/\/www.emporio.si\/si\/wp-json\/wp\/v2\/product_cat?post=123455"},{"taxonomy":"product_tag","embeddable":true,"href":"https:\/\/www.emporio.si\/si\/wp-json\/wp\/v2\/product_tag?post=123455"}],"curies":[{"name":"wp","href":"https:\/\/api.w.org\/{rel}","templated":true}]}}