
{"id":123508,"date":"2024-10-08T14:58:39","date_gmt":"2024-10-08T14:58:39","guid":{"rendered":"https:\/\/www.emporio.si\/product\/large-cardboard-gift-box\/"},"modified":"2025-11-10T13:19:43","modified_gmt":"2025-11-10T13:19:43","slug":"velika-kartonska-darilna-skatla","status":"publish","type":"product","link":"https:\/\/www.emporio.si\/si\/p\/velika-kartonska-darilna-skatla\/","title":{"rendered":"Velika kartonska darilna \u0161katla"},"content":{"rendered":"<p>Velika kartonska darilna \u0161katla z drsnim pokrovom in \u010drno notranjostjo. Idealna za sestavljanje darilnih kompletov ali za pakiranje. Na pokrov\u010dek natisnemo va\u0161 oglas.<\/p>","protected":false},"excerpt":{"rendered":"<p>Velika kartonska darilna \u0161katla z drsnim pokrovom in \u010drno notranjostjo. Idealna za sestavljanje darilnih kompletov ali za pakiranje. Na pokrov\u010dek natisnemo va\u0161 oglas.<\/p>","protected":false},"featured_media":123505,"template":"","meta":{"_acf_changed":false,"inline_featured_image":false,"_bst_post_transparent":"","_bst_post_title":"","_bst_post_layout":"","_bst_post_sidebar_id":"","_bst_post_content_style":"","_bst_post_vertical_padding":"","_bst_post_feature":"","_bst_post_feature_position":"","_bst_post_header":false,"_bst_post_footer":false},"product_brand":[],"product_cat":[2506],"product_tag":[],"class_list":{"0":"post-123508","1":"product","2":"type-product","3":"status-publish","4":"has-post-thumbnail","6":"product_cat-home-accessories","8":"first","9":"instock","10":"taxable","11":"shipping-taxable","12":"purchasable","13":"product-type-variable","14":"entry","15":"content-bg","16":"loop-entry"},"acf":[],"_links":{"self":[{"href":"https:\/\/www.emporio.si\/si\/wp-json\/wp\/v2\/product\/123508","targetHints":{"allow":["GET"]}}],"collection":[{"href":"https:\/\/www.emporio.si\/si\/wp-json\/wp\/v2\/product"}],"about":[{"href":"https:\/\/www.emporio.si\/si\/wp-json\/wp\/v2\/types\/product"}],"wp:featuredmedia":[{"embeddable":true,"href":"https:\/\/www.emporio.si\/si\/wp-json\/wp\/v2\/media\/123505"}],"wp:attachment":[{"href":"https:\/\/www.emporio.si\/si\/wp-json\/wp\/v2\/media?parent=123508"}],"wp:term":[{"taxonomy":"product_brand","embeddable":true,"href":"https:\/\/www.emporio.si\/si\/wp-json\/wp\/v2\/product_brand?post=123508"},{"taxonomy":"product_cat","embeddable":true,"href":"https:\/\/www.emporio.si\/si\/wp-json\/wp\/v2\/product_cat?post=123508"},{"taxonomy":"product_tag","embeddable":true,"href":"https:\/\/www.emporio.si\/si\/wp-json\/wp\/v2\/product_tag?post=123508"}],"curies":[{"name":"wp","href":"https:\/\/api.w.org\/{rel}","templated":true}]}}