
{"id":123772,"date":"2024-10-08T14:59:34","date_gmt":"2024-10-08T14:59:34","guid":{"rendered":"https:\/\/www.emporio.si\/product\/schwarzwolf-herlen\/"},"modified":"2025-10-20T05:55:53","modified_gmt":"2025-10-20T05:55:53","slug":"schwarzwolf-herlen","status":"publish","type":"product","link":"https:\/\/www.emporio.si\/si\/p\/schwarzwolf-herlen\/","title":{"rendered":"Schwarzwolf HERLEN"},"content":{"rendered":"<p>Schwarzwolfova naglavna svetilka s 5 diodami LED (glavna dioda, 2 stranski diodi, 2 rde\u010di stranski diodi). Naglavna svetilka ima 3 na\u010dine osvetlitve: mo\u010dna, \u0161ibka, rde\u010da. S svojim polnjenjem var\u010duje okolje. Ko je baterija popolnoma napolnjena, sveti do 6-12 ur. Prilo\u017een je kabel USB-C. Pakirano v darilni \u0161katli. Svetilnost: 250 lumnov.<\/p>","protected":false},"excerpt":{"rendered":"<p>Schwarzwolf rechargeable head lamp with 5 LED diodes (main diode, 2 side diodes, 2 red side diodes). The head lamp has 3 modes of lighting: strong, weak, red. Thanks to its recharging it saves the environment. When the battery is fully charged, it lights up for up to 6-12 hours. Comes with USB-C cabel. Packed&#8230;<\/p>","protected":false},"featured_media":123765,"template":"","meta":{"_acf_changed":false,"inline_featured_image":false,"_bst_post_transparent":"","_bst_post_title":"","_bst_post_layout":"","_bst_post_sidebar_id":"","_bst_post_content_style":"","_bst_post_vertical_padding":"","_bst_post_feature":"","_bst_post_feature_position":"","_bst_post_header":false,"_bst_post_footer":false},"product_brand":[],"product_cat":[2519],"product_tag":[],"class_list":{"0":"post-123772","1":"product","2":"type-product","3":"status-publish","4":"has-post-thumbnail","6":"product_cat-flashlights","8":"first","9":"outofstock","10":"taxable","11":"shipping-taxable","12":"product-type-variable","13":"entry","14":"content-bg","15":"loop-entry"},"acf":[],"_links":{"self":[{"href":"https:\/\/www.emporio.si\/si\/wp-json\/wp\/v2\/product\/123772","targetHints":{"allow":["GET"]}}],"collection":[{"href":"https:\/\/www.emporio.si\/si\/wp-json\/wp\/v2\/product"}],"about":[{"href":"https:\/\/www.emporio.si\/si\/wp-json\/wp\/v2\/types\/product"}],"wp:featuredmedia":[{"embeddable":true,"href":"https:\/\/www.emporio.si\/si\/wp-json\/wp\/v2\/media\/123765"}],"wp:attachment":[{"href":"https:\/\/www.emporio.si\/si\/wp-json\/wp\/v2\/media?parent=123772"}],"wp:term":[{"taxonomy":"product_brand","embeddable":true,"href":"https:\/\/www.emporio.si\/si\/wp-json\/wp\/v2\/product_brand?post=123772"},{"taxonomy":"product_cat","embeddable":true,"href":"https:\/\/www.emporio.si\/si\/wp-json\/wp\/v2\/product_cat?post=123772"},{"taxonomy":"product_tag","embeddable":true,"href":"https:\/\/www.emporio.si\/si\/wp-json\/wp\/v2\/product_tag?post=123772"}],"curies":[{"name":"wp","href":"https:\/\/api.w.org\/{rel}","templated":true}]}}