
{"id":123852,"date":"2024-10-08T14:59:50","date_gmt":"2024-10-08T14:59:50","guid":{"rendered":"https:\/\/www.emporio.si\/product\/travel-set-power-bank-eu-plug-usb-charger\/"},"modified":"2025-11-10T13:19:48","modified_gmt":"2025-11-10T13:19:48","slug":"potovalni-komplet-power-bank-eu-plug-usb-polnilec","status":"publish","type":"product","link":"https:\/\/www.emporio.si\/si\/p\/potovalni-komplet-power-bank-eu-plug-usb-polnilec\/","title":{"rendered":"Potovalni komplet - napajalna banka, vti\u010d EU, polnilec USB"},"content":{"rendered":"<p>Potovalni komplet s polnilnikom USB za avto, powerbankom (2.200 mAh), vti\u010dem EU in kablom USB, pakiranim v kov\u010dku. Na etui bomo natisnili va\u0161 logotip.<\/p>","protected":false},"excerpt":{"rendered":"<p>Potovalni komplet s polnilnikom USB za avto, powerbankom (2.200 mAh), vti\u010dem EU in kablom USB, pakiranim v kov\u010dku. Na etui bomo natisnili va\u0161 logotip.<\/p>","protected":false},"featured_media":123842,"template":"","meta":{"_acf_changed":false,"inline_featured_image":false,"_bst_post_transparent":"","_bst_post_title":"","_bst_post_layout":"","_bst_post_sidebar_id":"","_bst_post_content_style":"","_bst_post_vertical_padding":"","_bst_post_feature":"","_bst_post_feature_position":"","_bst_post_header":false,"_bst_post_footer":false},"product_brand":[],"product_cat":[2484,2487,2498],"product_tag":[],"class_list":{"0":"post-123852","1":"product","2":"type-product","3":"status-publish","4":"has-post-thumbnail","6":"product_cat-mobile-accessories","7":"product_cat-powerbanks","8":"product_cat-travel-accessories","10":"first","11":"instock","12":"taxable","13":"shipping-taxable","14":"purchasable","15":"product-type-variable","16":"entry","17":"content-bg","18":"loop-entry"},"acf":[],"_links":{"self":[{"href":"https:\/\/www.emporio.si\/si\/wp-json\/wp\/v2\/product\/123852","targetHints":{"allow":["GET"]}}],"collection":[{"href":"https:\/\/www.emporio.si\/si\/wp-json\/wp\/v2\/product"}],"about":[{"href":"https:\/\/www.emporio.si\/si\/wp-json\/wp\/v2\/types\/product"}],"wp:featuredmedia":[{"embeddable":true,"href":"https:\/\/www.emporio.si\/si\/wp-json\/wp\/v2\/media\/123842"}],"wp:attachment":[{"href":"https:\/\/www.emporio.si\/si\/wp-json\/wp\/v2\/media?parent=123852"}],"wp:term":[{"taxonomy":"product_brand","embeddable":true,"href":"https:\/\/www.emporio.si\/si\/wp-json\/wp\/v2\/product_brand?post=123852"},{"taxonomy":"product_cat","embeddable":true,"href":"https:\/\/www.emporio.si\/si\/wp-json\/wp\/v2\/product_cat?post=123852"},{"taxonomy":"product_tag","embeddable":true,"href":"https:\/\/www.emporio.si\/si\/wp-json\/wp\/v2\/product_tag?post=123852"}],"curies":[{"name":"wp","href":"https:\/\/api.w.org\/{rel}","templated":true}]}}