
{"id":123924,"date":"2024-10-08T15:00:06","date_gmt":"2024-10-08T15:00:06","guid":{"rendered":"https:\/\/www.emporio.si\/product\/double-wall-stainless-steel-wine-cooler\/"},"modified":"2025-11-10T13:19:49","modified_gmt":"2025-11-10T13:19:49","slug":"dvojna-stena-iz-nerjavecega-jekla-za-hlajenje-vina","status":"publish","type":"product","link":"https:\/\/www.emporio.si\/si\/p\/dvojna-stena-iz-nerjavecega-jekla-za-hlajenje-vina\/","title":{"rendered":"Dvojna stena iz nerjave\u010dega jekla Wine Cooler"},"content":{"rendered":"<p>Hladilnik za vino iz visokokakovostnega dvostenskega nerjave\u010dega jekla. Dolgo ohranja hladno brez kock ledu in je primeren za vse priljubljene velikosti steklenic. Va\u0161 logotip bo graviran.<\/p>","protected":false},"excerpt":{"rendered":"<p>Hladilnik za vino iz visokokakovostnega dvostenskega nerjave\u010dega jekla. Dolgo ohranja hladno brez kock ledu in je primeren za vse priljubljene velikosti steklenic. Va\u0161 logotip bo graviran.<\/p>","protected":false},"featured_media":123918,"template":"","meta":{"_acf_changed":false,"inline_featured_image":false,"_bst_post_transparent":"","_bst_post_title":"","_bst_post_layout":"","_bst_post_sidebar_id":"","_bst_post_content_style":"","_bst_post_vertical_padding":"","_bst_post_feature":"","_bst_post_feature_position":"","_bst_post_header":false,"_bst_post_footer":false},"product_brand":[],"product_cat":[2512,2513],"product_tag":[],"class_list":{"0":"post-123924","1":"product","2":"type-product","3":"status-publish","4":"has-post-thumbnail","6":"product_cat-sets-and-drinking-accessories","7":"product_cat-wine-bar","9":"first","10":"instock","11":"taxable","12":"shipping-taxable","13":"purchasable","14":"product-type-variable","15":"entry","16":"content-bg","17":"loop-entry"},"acf":[],"_links":{"self":[{"href":"https:\/\/www.emporio.si\/si\/wp-json\/wp\/v2\/product\/123924","targetHints":{"allow":["GET"]}}],"collection":[{"href":"https:\/\/www.emporio.si\/si\/wp-json\/wp\/v2\/product"}],"about":[{"href":"https:\/\/www.emporio.si\/si\/wp-json\/wp\/v2\/types\/product"}],"wp:featuredmedia":[{"embeddable":true,"href":"https:\/\/www.emporio.si\/si\/wp-json\/wp\/v2\/media\/123918"}],"wp:attachment":[{"href":"https:\/\/www.emporio.si\/si\/wp-json\/wp\/v2\/media?parent=123924"}],"wp:term":[{"taxonomy":"product_brand","embeddable":true,"href":"https:\/\/www.emporio.si\/si\/wp-json\/wp\/v2\/product_brand?post=123924"},{"taxonomy":"product_cat","embeddable":true,"href":"https:\/\/www.emporio.si\/si\/wp-json\/wp\/v2\/product_cat?post=123924"},{"taxonomy":"product_tag","embeddable":true,"href":"https:\/\/www.emporio.si\/si\/wp-json\/wp\/v2\/product_tag?post=123924"}],"curies":[{"name":"wp","href":"https:\/\/api.w.org\/{rel}","templated":true}]}}