
{"id":123944,"date":"2024-10-08T15:00:11","date_gmt":"2024-10-08T15:00:11","guid":{"rendered":"https:\/\/www.emporio.si\/product\/in-ear-headphones\/"},"modified":"2025-11-10T13:19:49","modified_gmt":"2025-11-10T13:19:49","slug":"in-ear-headphones","status":"publish","type":"product","link":"https:\/\/www.emporio.si\/si\/p\/in-ear-headphones\/","title":{"rendered":"Slu\u0161alke v u\u0161esih"},"content":{"rendered":"<p>Ergonomske slu\u0161alke Bluetooth za u\u0161esa s polnilnim kablom USB in polnilnim stojalom, ki slu\u017ei tudi kot embala\u017ea. \u010cas delovanja 2-3 ure, \u010das pripravljenosti 120 ur, \u010das polnjenja pribli\u017eno 1 uro, najve\u010dja razdalja pribli\u017eno 8,3 m, baterija 35 mAh. Na \u0161katli bo natisnjen va\u0161 logotip.<\/p>","protected":false},"excerpt":{"rendered":"<p>Ergonomske slu\u0161alke Bluetooth za u\u0161esa s polnilnim kablom USB in polnilnim stojalom, ki slu\u017ei tudi kot embala\u017ea. \u010cas delovanja 2-3 ure, \u010das pripravljenosti 120 ur, \u010das polnjenja pribli\u017eno 1 uro, najve\u010dja razdalja pribli\u017eno 8,3 m, baterija 35 mAh. Na \u0161katli bo natisnjen va\u0161 logotip.<\/p>","protected":false},"featured_media":123934,"template":"","meta":{"_acf_changed":false,"inline_featured_image":false,"_bst_post_transparent":"","_bst_post_title":"","_bst_post_layout":"","_bst_post_sidebar_id":"","_bst_post_content_style":"","_bst_post_vertical_padding":"","_bst_post_feature":"","_bst_post_feature_position":"","_bst_post_header":false,"_bst_post_footer":false},"product_brand":[],"product_cat":[2530],"product_tag":[],"class_list":{"0":"post-123944","1":"product","2":"type-product","3":"status-publish","4":"has-post-thumbnail","6":"product_cat-earphones-and-headphones","8":"first","9":"instock","10":"taxable","11":"shipping-taxable","12":"purchasable","13":"product-type-variable","14":"entry","15":"content-bg","16":"loop-entry"},"acf":[],"_links":{"self":[{"href":"https:\/\/www.emporio.si\/si\/wp-json\/wp\/v2\/product\/123944","targetHints":{"allow":["GET"]}}],"collection":[{"href":"https:\/\/www.emporio.si\/si\/wp-json\/wp\/v2\/product"}],"about":[{"href":"https:\/\/www.emporio.si\/si\/wp-json\/wp\/v2\/types\/product"}],"wp:featuredmedia":[{"embeddable":true,"href":"https:\/\/www.emporio.si\/si\/wp-json\/wp\/v2\/media\/123934"}],"wp:attachment":[{"href":"https:\/\/www.emporio.si\/si\/wp-json\/wp\/v2\/media?parent=123944"}],"wp:term":[{"taxonomy":"product_brand","embeddable":true,"href":"https:\/\/www.emporio.si\/si\/wp-json\/wp\/v2\/product_brand?post=123944"},{"taxonomy":"product_cat","embeddable":true,"href":"https:\/\/www.emporio.si\/si\/wp-json\/wp\/v2\/product_cat?post=123944"},{"taxonomy":"product_tag","embeddable":true,"href":"https:\/\/www.emporio.si\/si\/wp-json\/wp\/v2\/product_tag?post=123944"}],"curies":[{"name":"wp","href":"https:\/\/api.w.org\/{rel}","templated":true}]}}