
{"id":124171,"date":"2024-10-08T15:01:05","date_gmt":"2024-10-08T15:01:05","guid":{"rendered":"https:\/\/www.emporio.si\/product\/led-flashlight-with-3-different-light-functions\/"},"modified":"2025-11-10T13:19:50","modified_gmt":"2025-11-10T13:19:50","slug":"led-svetilka-s-3-razlicnimi-svetlobnimi-funkcijami","status":"publish","type":"product","link":"https:\/\/www.emporio.si\/si\/p\/led-svetilka-s-3-razlicnimi-svetlobnimi-funkcijami\/","title":{"rendered":"LED svetilka s 3 razli\u010dnimi svetlobnimi funkcijami"},"content":{"rendered":"<p>LED svetilka iz aluminija s 3 razli\u010dnimi svetlobnimi funkcijami (mirujo\u010da, SOS in utripajo\u010da svetloba), mo\u010djo 10 W in zapestnim trakom. Na svetilko bo graviran va\u0161 logotip.<\/p>","protected":false},"excerpt":{"rendered":"<p>LED svetilka iz aluminija s 3 razli\u010dnimi svetlobnimi funkcijami (mirujo\u010da, SOS in utripajo\u010da svetloba), mo\u010djo 10 W in zapestnim trakom. Na svetilko bo graviran va\u0161 logotip.<\/p>","protected":false},"featured_media":124165,"template":"","meta":{"_acf_changed":false,"inline_featured_image":false,"_bst_post_transparent":"","_bst_post_title":"","_bst_post_layout":"","_bst_post_sidebar_id":"","_bst_post_content_style":"","_bst_post_vertical_padding":"","_bst_post_feature":"","_bst_post_feature_position":"","_bst_post_header":false,"_bst_post_footer":false},"product_brand":[],"product_cat":[2519],"product_tag":[],"class_list":{"0":"post-124171","1":"product","2":"type-product","3":"status-publish","4":"has-post-thumbnail","6":"product_cat-flashlights","8":"first","9":"instock","10":"taxable","11":"shipping-taxable","12":"purchasable","13":"product-type-variable","14":"entry","15":"content-bg","16":"loop-entry"},"acf":[],"_links":{"self":[{"href":"https:\/\/www.emporio.si\/si\/wp-json\/wp\/v2\/product\/124171","targetHints":{"allow":["GET"]}}],"collection":[{"href":"https:\/\/www.emporio.si\/si\/wp-json\/wp\/v2\/product"}],"about":[{"href":"https:\/\/www.emporio.si\/si\/wp-json\/wp\/v2\/types\/product"}],"wp:featuredmedia":[{"embeddable":true,"href":"https:\/\/www.emporio.si\/si\/wp-json\/wp\/v2\/media\/124165"}],"wp:attachment":[{"href":"https:\/\/www.emporio.si\/si\/wp-json\/wp\/v2\/media?parent=124171"}],"wp:term":[{"taxonomy":"product_brand","embeddable":true,"href":"https:\/\/www.emporio.si\/si\/wp-json\/wp\/v2\/product_brand?post=124171"},{"taxonomy":"product_cat","embeddable":true,"href":"https:\/\/www.emporio.si\/si\/wp-json\/wp\/v2\/product_cat?post=124171"},{"taxonomy":"product_tag","embeddable":true,"href":"https:\/\/www.emporio.si\/si\/wp-json\/wp\/v2\/product_tag?post=124171"}],"curies":[{"name":"wp","href":"https:\/\/api.w.org\/{rel}","templated":true}]}}