
{"id":124176,"date":"2024-10-08T15:01:06","date_gmt":"2024-10-08T15:01:06","guid":{"rendered":"https:\/\/www.emporio.si\/product\/plastic-wine-rack-for-three-bottles\/"},"modified":"2025-10-15T19:20:22","modified_gmt":"2025-10-15T19:20:22","slug":"plasticno-stojalo-za-vino-za-tri-steklenice","status":"publish","type":"product","link":"https:\/\/www.emporio.si\/si\/p\/plasticno-stojalo-za-vino-za-tri-steklenice\/","title":{"rendered":"Plasti\u010dno stojalo za vino za tri steklenice"},"content":{"rendered":"<p>To stojalo za vino iz matirane plastike ponuja prostor za tri steklenice in se zaradi svoje udobne velikosti prilega tudi najmanj\u0161im stanovanjem, vklju\u010duje vijake in navodila za uporabo. Na stojalo bomo natisnili va\u0161 logotip.<\/p>","protected":false},"excerpt":{"rendered":"<p>To stojalo za vino iz matirane plastike ponuja prostor za tri steklenice in se zaradi svoje udobne velikosti prilega tudi najmanj\u0161im stanovanjem, vklju\u010duje vijake in navodila za uporabo. Na stojalo bomo natisnili va\u0161 logotip.<\/p>","protected":false},"featured_media":124172,"template":"","meta":{"_acf_changed":false,"inline_featured_image":false,"_bst_post_transparent":"","_bst_post_title":"","_bst_post_layout":"","_bst_post_sidebar_id":"","_bst_post_content_style":"","_bst_post_vertical_padding":"","_bst_post_feature":"","_bst_post_feature_position":"","_bst_post_header":false,"_bst_post_footer":false},"product_brand":[],"product_cat":[2512,2513],"product_tag":[],"class_list":{"0":"post-124176","1":"product","2":"type-product","3":"status-publish","4":"has-post-thumbnail","6":"product_cat-sets-and-drinking-accessories","7":"product_cat-wine-bar","9":"first","10":"instock","11":"taxable","12":"shipping-taxable","13":"purchasable","14":"product-type-variable","15":"entry","16":"content-bg","17":"loop-entry"},"acf":[],"_links":{"self":[{"href":"https:\/\/www.emporio.si\/si\/wp-json\/wp\/v2\/product\/124176","targetHints":{"allow":["GET"]}}],"collection":[{"href":"https:\/\/www.emporio.si\/si\/wp-json\/wp\/v2\/product"}],"about":[{"href":"https:\/\/www.emporio.si\/si\/wp-json\/wp\/v2\/types\/product"}],"wp:featuredmedia":[{"embeddable":true,"href":"https:\/\/www.emporio.si\/si\/wp-json\/wp\/v2\/media\/124172"}],"wp:attachment":[{"href":"https:\/\/www.emporio.si\/si\/wp-json\/wp\/v2\/media?parent=124176"}],"wp:term":[{"taxonomy":"product_brand","embeddable":true,"href":"https:\/\/www.emporio.si\/si\/wp-json\/wp\/v2\/product_brand?post=124176"},{"taxonomy":"product_cat","embeddable":true,"href":"https:\/\/www.emporio.si\/si\/wp-json\/wp\/v2\/product_cat?post=124176"},{"taxonomy":"product_tag","embeddable":true,"href":"https:\/\/www.emporio.si\/si\/wp-json\/wp\/v2\/product_tag?post=124176"}],"curies":[{"name":"wp","href":"https:\/\/api.w.org\/{rel}","templated":true}]}}