
{"id":124347,"date":"2024-10-08T15:01:42","date_gmt":"2024-10-08T15:01:42","guid":{"rendered":"https:\/\/www.emporio.si\/product\/twist-usb-stick\/"},"modified":"2025-11-10T13:19:52","modified_gmt":"2025-11-10T13:19:52","slug":"twist-usb-stick","status":"publish","type":"product","link":"https:\/\/www.emporio.si\/si\/p\/twist-usb-stick\/","title":{"rendered":"Priklju\u010dek USB Twist"},"content":{"rendered":"<p>3.0 klju\u010dek USB z enim vhodom tipa A in enim vhodom tipa C, 32 GB prostora za shranjevanje. Va\u0161 logotip bo graviran na sponki. Za dostavo po Nem\u010diji veljajo pristojbine GEMA.<\/p>","protected":false},"excerpt":{"rendered":"<p>3.0 klju\u010dek USB z enim vhodom tipa A in enim vhodom tipa C, 32 GB prostora za shranjevanje. Va\u0161 logotip bo graviran na sponki. Za dostavo po Nem\u010diji veljajo pristojbine GEMA.<\/p>","protected":false},"featured_media":124343,"template":"","meta":{"_acf_changed":false,"inline_featured_image":false,"_bst_post_transparent":"","_bst_post_title":"","_bst_post_layout":"","_bst_post_sidebar_id":"","_bst_post_content_style":"","_bst_post_vertical_padding":"","_bst_post_feature":"","_bst_post_feature_position":"","_bst_post_header":false,"_bst_post_footer":false},"product_brand":[],"product_cat":[2538],"product_tag":[],"class_list":{"0":"post-124347","1":"product","2":"type-product","3":"status-publish","4":"has-post-thumbnail","6":"product_cat-pendrives","8":"first","9":"instock","10":"taxable","11":"shipping-taxable","12":"product-type-variable","13":"entry","14":"content-bg","15":"loop-entry"},"acf":[],"_links":{"self":[{"href":"https:\/\/www.emporio.si\/si\/wp-json\/wp\/v2\/product\/124347","targetHints":{"allow":["GET"]}}],"collection":[{"href":"https:\/\/www.emporio.si\/si\/wp-json\/wp\/v2\/product"}],"about":[{"href":"https:\/\/www.emporio.si\/si\/wp-json\/wp\/v2\/types\/product"}],"wp:featuredmedia":[{"embeddable":true,"href":"https:\/\/www.emporio.si\/si\/wp-json\/wp\/v2\/media\/124343"}],"wp:attachment":[{"href":"https:\/\/www.emporio.si\/si\/wp-json\/wp\/v2\/media?parent=124347"}],"wp:term":[{"taxonomy":"product_brand","embeddable":true,"href":"https:\/\/www.emporio.si\/si\/wp-json\/wp\/v2\/product_brand?post=124347"},{"taxonomy":"product_cat","embeddable":true,"href":"https:\/\/www.emporio.si\/si\/wp-json\/wp\/v2\/product_cat?post=124347"},{"taxonomy":"product_tag","embeddable":true,"href":"https:\/\/www.emporio.si\/si\/wp-json\/wp\/v2\/product_tag?post=124347"}],"curies":[{"name":"wp","href":"https:\/\/api.w.org\/{rel}","templated":true}]}}