
{"id":124482,"date":"2024-10-08T15:02:10","date_gmt":"2024-10-08T15:02:10","guid":{"rendered":"https:\/\/www.emporio.si\/product\/playset-with-hip-flask-chess-and-card-game\/"},"modified":"2025-11-10T19:07:02","modified_gmt":"2025-11-10T19:07:02","slug":"igralni-set-s-sahom-in-igro-s-kartami","status":"publish","type":"product","link":"https:\/\/www.emporio.si\/si\/p\/igralni-set-s-sahom-in-igro-s-kartami\/","title":{"rendered":"Igralni komplet s fla\u0161ko, \u0161ahom in igro s kartami"},"content":{"rendered":"<p>Igralni komplet s stekleni\u010dko za hip (prostornina 237 ml), 2 zaklepoma, 5 kockami, \u0161ahom in igro s kartami v leseni \u0161katli. Va\u0161 logotip bo graviran na stekleni\u010dko za hip.<\/p>","protected":false},"excerpt":{"rendered":"<p>Igralni komplet s stekleni\u010dko za hip (prostornina 237 ml), 2 zaklepoma, 5 kockami, \u0161ahom in igro s kartami v leseni \u0161katli. Va\u0161 logotip bo graviran na stekleni\u010dko za hip.<\/p>","protected":false},"featured_media":124475,"template":"","meta":{"_acf_changed":false,"inline_featured_image":false,"_bst_post_transparent":"","_bst_post_title":"","_bst_post_layout":"","_bst_post_sidebar_id":"","_bst_post_content_style":"","_bst_post_vertical_padding":"","_bst_post_feature":"","_bst_post_feature_position":"","_bst_post_header":false,"_bst_post_footer":false},"product_brand":[],"product_cat":[2512],"product_tag":[],"class_list":{"0":"post-124482","1":"product","2":"type-product","3":"status-publish","4":"has-post-thumbnail","6":"product_cat-sets-and-drinking-accessories","8":"first","9":"outofstock","10":"taxable","11":"shipping-taxable","12":"purchasable","13":"product-type-variable","14":"entry","15":"content-bg","16":"loop-entry"},"acf":[],"_links":{"self":[{"href":"https:\/\/www.emporio.si\/si\/wp-json\/wp\/v2\/product\/124482","targetHints":{"allow":["GET"]}}],"collection":[{"href":"https:\/\/www.emporio.si\/si\/wp-json\/wp\/v2\/product"}],"about":[{"href":"https:\/\/www.emporio.si\/si\/wp-json\/wp\/v2\/types\/product"}],"wp:featuredmedia":[{"embeddable":true,"href":"https:\/\/www.emporio.si\/si\/wp-json\/wp\/v2\/media\/124475"}],"wp:attachment":[{"href":"https:\/\/www.emporio.si\/si\/wp-json\/wp\/v2\/media?parent=124482"}],"wp:term":[{"taxonomy":"product_brand","embeddable":true,"href":"https:\/\/www.emporio.si\/si\/wp-json\/wp\/v2\/product_brand?post=124482"},{"taxonomy":"product_cat","embeddable":true,"href":"https:\/\/www.emporio.si\/si\/wp-json\/wp\/v2\/product_cat?post=124482"},{"taxonomy":"product_tag","embeddable":true,"href":"https:\/\/www.emporio.si\/si\/wp-json\/wp\/v2\/product_tag?post=124482"}],"curies":[{"name":"wp","href":"https:\/\/api.w.org\/{rel}","templated":true}]}}