
{"id":124498,"date":"2024-10-08T15:02:13","date_gmt":"2024-10-08T15:02:13","guid":{"rendered":"https:\/\/www.emporio.si\/product\/mug-with-spoon\/"},"modified":"2025-11-10T19:07:02","modified_gmt":"2025-11-10T19:07:02","slug":"mug-with-spoon","status":"publish","type":"product","link":"https:\/\/www.emporio.si\/si\/p\/mug-with-spoon\/","title":{"rendered":"Skodelica z \u017elico"},"content":{"rendered":"<p>Kerami\u010dni vr\u010d (prostornina 300 ml) z vgrajeno \u017elico v ro\u010daju. \u017dlica se ujema z ustrezno barvo v notranjosti vr\u010da. Va\u0161 logotip bo natisnjen s kerami\u010dnim prenosom na vr\u010d.<\/p>","protected":false},"excerpt":{"rendered":"<p>Kerami\u010dni vr\u010d (prostornina 300 ml) z vgrajeno \u017elico v ro\u010daju. \u017dlica se ujema z ustrezno barvo v notranjosti vr\u010da. Va\u0161 logotip bo natisnjen s kerami\u010dnim prenosom na vr\u010d.<\/p>","protected":false},"featured_media":124496,"template":"","meta":{"_acf_changed":false,"inline_featured_image":false,"_bst_post_transparent":"","_bst_post_title":"","_bst_post_layout":"","_bst_post_sidebar_id":"","_bst_post_content_style":"","_bst_post_vertical_padding":"","_bst_post_feature":"","_bst_post_feature_position":"","_bst_post_header":false,"_bst_post_footer":false},"product_brand":[],"product_cat":[2511],"product_tag":[],"class_list":{"0":"post-124498","1":"product","2":"type-product","3":"status-publish","4":"has-post-thumbnail","6":"product_cat-mugs-cups-jugs","8":"first","9":"outofstock","10":"taxable","11":"shipping-taxable","12":"purchasable","13":"product-type-variable","14":"entry","15":"content-bg","16":"loop-entry"},"acf":[],"_links":{"self":[{"href":"https:\/\/www.emporio.si\/si\/wp-json\/wp\/v2\/product\/124498","targetHints":{"allow":["GET"]}}],"collection":[{"href":"https:\/\/www.emporio.si\/si\/wp-json\/wp\/v2\/product"}],"about":[{"href":"https:\/\/www.emporio.si\/si\/wp-json\/wp\/v2\/types\/product"}],"wp:featuredmedia":[{"embeddable":true,"href":"https:\/\/www.emporio.si\/si\/wp-json\/wp\/v2\/media\/124496"}],"wp:attachment":[{"href":"https:\/\/www.emporio.si\/si\/wp-json\/wp\/v2\/media?parent=124498"}],"wp:term":[{"taxonomy":"product_brand","embeddable":true,"href":"https:\/\/www.emporio.si\/si\/wp-json\/wp\/v2\/product_brand?post=124498"},{"taxonomy":"product_cat","embeddable":true,"href":"https:\/\/www.emporio.si\/si\/wp-json\/wp\/v2\/product_cat?post=124498"},{"taxonomy":"product_tag","embeddable":true,"href":"https:\/\/www.emporio.si\/si\/wp-json\/wp\/v2\/product_tag?post=124498"}],"curies":[{"name":"wp","href":"https:\/\/api.w.org\/{rel}","templated":true}]}}