
{"id":124508,"date":"2024-10-08T15:02:15","date_gmt":"2024-10-08T15:02:15","guid":{"rendered":"https:\/\/www.emporio.si\/product\/schwarzwolf-kiotara\/"},"modified":"2025-10-20T05:55:54","modified_gmt":"2025-10-20T05:55:54","slug":"schwarzwolf-kiotara","status":"publish","type":"product","link":"https:\/\/www.emporio.si\/si\/p\/schwarzwolf-kiotara\/","title":{"rendered":"Schwarzwolf KIOTARA"},"content":{"rendered":"<p>Prakti\u010den komplet 3 torb za obla\u010dila Schwarzwolf v \u010drni barvi, ki ga boste \u0161e posebej cenili na potovanjih. Komplet vsebuje vre\u010dko za \u010devlje, kompresijsko vre\u010dko za spodnje perilo, ki jo lahko zaradi zadrge razgrnete ali zlo\u017eite, ter vre\u010dko za obleko, srajco ali majico z dvema deloma za \u010disto in umazano obleko. Dimenzije: vre\u010dka za \u010devlje 40 x 30 x 10 cm, kompresijska vre\u010dka 18,5 x 26 x 2,5 cm, vre\u010dka z dvema deloma 40 x 22,5 x 12 cm<\/p>","protected":false},"excerpt":{"rendered":"<p>Practical Schwarzwolf set of 3 clothes bags in a black colour which you will especially appreciate during your travelling. The set includes shoe bag, compression bag for an underwear which can be unfolded or folded thanks to the zipper and bag for a dresses, shirt or t-shirt with 2 parts for clean and dirty wear&#8230;.<\/p>","protected":false},"featured_media":124499,"template":"","meta":{"_acf_changed":false,"inline_featured_image":false,"_bst_post_transparent":"","_bst_post_title":"","_bst_post_layout":"","_bst_post_sidebar_id":"","_bst_post_content_style":"","_bst_post_vertical_padding":"","_bst_post_feature":"","_bst_post_feature_position":"","_bst_post_header":false,"_bst_post_footer":false},"product_brand":[],"product_cat":[2498],"product_tag":[],"class_list":{"0":"post-124508","1":"product","2":"type-product","3":"status-publish","4":"has-post-thumbnail","6":"product_cat-travel-accessories","8":"first","9":"outofstock","10":"taxable","11":"shipping-taxable","12":"product-type-variable","13":"entry","14":"content-bg","15":"loop-entry"},"acf":[],"_links":{"self":[{"href":"https:\/\/www.emporio.si\/si\/wp-json\/wp\/v2\/product\/124508","targetHints":{"allow":["GET"]}}],"collection":[{"href":"https:\/\/www.emporio.si\/si\/wp-json\/wp\/v2\/product"}],"about":[{"href":"https:\/\/www.emporio.si\/si\/wp-json\/wp\/v2\/types\/product"}],"wp:featuredmedia":[{"embeddable":true,"href":"https:\/\/www.emporio.si\/si\/wp-json\/wp\/v2\/media\/124499"}],"wp:attachment":[{"href":"https:\/\/www.emporio.si\/si\/wp-json\/wp\/v2\/media?parent=124508"}],"wp:term":[{"taxonomy":"product_brand","embeddable":true,"href":"https:\/\/www.emporio.si\/si\/wp-json\/wp\/v2\/product_brand?post=124508"},{"taxonomy":"product_cat","embeddable":true,"href":"https:\/\/www.emporio.si\/si\/wp-json\/wp\/v2\/product_cat?post=124508"},{"taxonomy":"product_tag","embeddable":true,"href":"https:\/\/www.emporio.si\/si\/wp-json\/wp\/v2\/product_tag?post=124508"}],"curies":[{"name":"wp","href":"https:\/\/api.w.org\/{rel}","templated":true}]}}