
{"id":124628,"date":"2024-10-08T15:02:40","date_gmt":"2024-10-08T15:02:40","guid":{"rendered":"https:\/\/www.emporio.si\/product\/parasol-in-a-transparent-bag\/"},"modified":"2025-11-10T19:07:02","modified_gmt":"2025-11-10T19:07:02","slug":"deznik-v-prozorni-vrecki","status":"publish","type":"product","link":"https:\/\/www.emporio.si\/si\/p\/deznik-v-prozorni-vrecki\/","title":{"rendered":"Sen\u010dnik v prozorni vre\u010dki"},"content":{"rendered":"<p>Nastavljiv poliestrski sen\u010dnik s prozorno vre\u010dko zagotavlja za\u0161\u010dito pred soncem. Va\u0161 logotip bomo natisnili na eno plo\u0161\u010do.<\/p>","protected":false},"excerpt":{"rendered":"<p>Nastavljiv poliestrski sen\u010dnik s prozorno vre\u010dko zagotavlja za\u0161\u010dito pred soncem. Va\u0161 logotip bomo natisnili na eno plo\u0161\u010do.<\/p>","protected":false},"featured_media":124606,"template":"","meta":{"_acf_changed":false,"inline_featured_image":false,"_bst_post_transparent":"","_bst_post_title":"","_bst_post_layout":"","_bst_post_sidebar_id":"","_bst_post_content_style":"","_bst_post_vertical_padding":"","_bst_post_feature":"","_bst_post_feature_position":"","_bst_post_header":false,"_bst_post_footer":false},"product_brand":[],"product_cat":[2491],"product_tag":[],"class_list":{"0":"post-124628","1":"product","2":"type-product","3":"status-publish","4":"has-post-thumbnail","6":"product_cat-beach-sccessories","8":"first","9":"instock","10":"taxable","11":"shipping-taxable","12":"purchasable","13":"product-type-variable","14":"entry","15":"content-bg","16":"loop-entry"},"acf":[],"_links":{"self":[{"href":"https:\/\/www.emporio.si\/si\/wp-json\/wp\/v2\/product\/124628","targetHints":{"allow":["GET"]}}],"collection":[{"href":"https:\/\/www.emporio.si\/si\/wp-json\/wp\/v2\/product"}],"about":[{"href":"https:\/\/www.emporio.si\/si\/wp-json\/wp\/v2\/types\/product"}],"wp:featuredmedia":[{"embeddable":true,"href":"https:\/\/www.emporio.si\/si\/wp-json\/wp\/v2\/media\/124606"}],"wp:attachment":[{"href":"https:\/\/www.emporio.si\/si\/wp-json\/wp\/v2\/media?parent=124628"}],"wp:term":[{"taxonomy":"product_brand","embeddable":true,"href":"https:\/\/www.emporio.si\/si\/wp-json\/wp\/v2\/product_brand?post=124628"},{"taxonomy":"product_cat","embeddable":true,"href":"https:\/\/www.emporio.si\/si\/wp-json\/wp\/v2\/product_cat?post=124628"},{"taxonomy":"product_tag","embeddable":true,"href":"https:\/\/www.emporio.si\/si\/wp-json\/wp\/v2\/product_tag?post=124628"}],"curies":[{"name":"wp","href":"https:\/\/api.w.org\/{rel}","templated":true}]}}