
{"id":124708,"date":"2024-10-08T15:02:57","date_gmt":"2024-10-08T15:02:57","guid":{"rendered":"https:\/\/www.emporio.si\/product\/rainbow-umbrella\/"},"modified":"2025-11-10T13:19:56","modified_gmt":"2025-11-10T13:19:56","slug":"mavricni-deznik","status":"publish","type":"product","link":"https:\/\/www.emporio.si\/si\/p\/mavricni-deznik\/","title":{"rendered":"Mavri\u010dni de\u017enik"},"content":{"rendered":"<p>XXL avtomatski de\u017enik v mavri\u010dnih barvah iz poliestra, s plasti\u010dnim ro\u010dajem, plasti\u010dnimi konicami in \u010drnimi palicami. Va\u0161 logotip bomo natisnili na enem segmentu.<\/p>","protected":false},"excerpt":{"rendered":"<p>XXL avtomatski de\u017enik v mavri\u010dnih barvah iz poliestra, s plasti\u010dnim ro\u010dajem, plasti\u010dnimi konicami in \u010drnimi palicami. Va\u0161 logotip bomo natisnili na enem segmentu.<\/p>","protected":false},"featured_media":124689,"template":"","meta":{"_acf_changed":false,"inline_featured_image":false,"_bst_post_transparent":"","_bst_post_title":"","_bst_post_layout":"","_bst_post_sidebar_id":"","_bst_post_content_style":"","_bst_post_vertical_padding":"","_bst_post_feature":"","_bst_post_feature_position":"","_bst_post_header":false,"_bst_post_footer":false},"product_brand":[],"product_cat":[2490],"product_tag":[],"class_list":{"0":"post-124708","1":"product","2":"type-product","3":"status-publish","4":"has-post-thumbnail","6":"product_cat-umbrellas","8":"first","9":"instock","10":"taxable","11":"shipping-taxable","12":"purchasable","13":"product-type-variable","14":"entry","15":"content-bg","16":"loop-entry"},"acf":[],"_links":{"self":[{"href":"https:\/\/www.emporio.si\/si\/wp-json\/wp\/v2\/product\/124708","targetHints":{"allow":["GET"]}}],"collection":[{"href":"https:\/\/www.emporio.si\/si\/wp-json\/wp\/v2\/product"}],"about":[{"href":"https:\/\/www.emporio.si\/si\/wp-json\/wp\/v2\/types\/product"}],"wp:featuredmedia":[{"embeddable":true,"href":"https:\/\/www.emporio.si\/si\/wp-json\/wp\/v2\/media\/124689"}],"wp:attachment":[{"href":"https:\/\/www.emporio.si\/si\/wp-json\/wp\/v2\/media?parent=124708"}],"wp:term":[{"taxonomy":"product_brand","embeddable":true,"href":"https:\/\/www.emporio.si\/si\/wp-json\/wp\/v2\/product_brand?post=124708"},{"taxonomy":"product_cat","embeddable":true,"href":"https:\/\/www.emporio.si\/si\/wp-json\/wp\/v2\/product_cat?post=124708"},{"taxonomy":"product_tag","embeddable":true,"href":"https:\/\/www.emporio.si\/si\/wp-json\/wp\/v2\/product_tag?post=124708"}],"curies":[{"name":"wp","href":"https:\/\/api.w.org\/{rel}","templated":true}]}}