
{"id":125319,"date":"2024-10-08T15:05:08","date_gmt":"2024-10-08T15:05:08","guid":{"rendered":"https:\/\/www.emporio.si\/product\/harmony-roller-pen\/"},"modified":"2025-10-15T19:20:35","modified_gmt":"2025-10-15T19:20:35","slug":"harmony-rolo-pisalo","status":"publish","type":"product","link":"https:\/\/www.emporio.si\/si\/p\/harmony-rolo-pisalo\/","title":{"rendered":"Valj\u010dno pero HARMONY"},"content":{"rendered":"<p>Kakovostni valj\u010dek Pierre Cardin z gumijasto povr\u0161ino, ki je zelo prijetna na otip. Roler je na voljo v treh elegantnih barvah, ima \u010drno kovinsko sponko in dodatek z logotipom Pierre Cardin. Vsebuje nem\u0161ko kartu\u0161o Schmidt\u00ae modre barve z 0,6 mm konico. Pakiran je v luksuznem \u017eepku, prilo\u017eeno je potrdilo o pristnosti. <\/p>","protected":false},"excerpt":{"rendered":"<p>Quality Pierre Cardin roller with a rubber surface, which is very pleasant to the touch. The roller is offered in three elegant colours, has a black metal clip and an accessory with the Pierre Cardin logo. It contains the German Schmidt\u00ae cartridge in blue colour with a 0.6 mm tip. Packed in a luxury pocket,&#8230;<\/p>","protected":false},"featured_media":125310,"template":"","meta":{"_acf_changed":false,"inline_featured_image":false,"_bst_post_transparent":"","_bst_post_title":"","_bst_post_layout":"","_bst_post_sidebar_id":"","_bst_post_content_style":"","_bst_post_vertical_padding":"","_bst_post_feature":"","_bst_post_feature_position":"","_bst_post_header":false,"_bst_post_footer":false},"product_brand":[],"product_cat":[2475],"product_tag":[],"class_list":{"0":"post-125319","1":"product","2":"type-product","3":"status-publish","4":"has-post-thumbnail","6":"product_cat-metal-pens-and-writing-instrument","8":"first","9":"outofstock","10":"taxable","11":"shipping-taxable","12":"purchasable","13":"product-type-variable","14":"entry","15":"content-bg","16":"loop-entry"},"acf":[],"_links":{"self":[{"href":"https:\/\/www.emporio.si\/si\/wp-json\/wp\/v2\/product\/125319","targetHints":{"allow":["GET"]}}],"collection":[{"href":"https:\/\/www.emporio.si\/si\/wp-json\/wp\/v2\/product"}],"about":[{"href":"https:\/\/www.emporio.si\/si\/wp-json\/wp\/v2\/types\/product"}],"wp:featuredmedia":[{"embeddable":true,"href":"https:\/\/www.emporio.si\/si\/wp-json\/wp\/v2\/media\/125310"}],"wp:attachment":[{"href":"https:\/\/www.emporio.si\/si\/wp-json\/wp\/v2\/media?parent=125319"}],"wp:term":[{"taxonomy":"product_brand","embeddable":true,"href":"https:\/\/www.emporio.si\/si\/wp-json\/wp\/v2\/product_brand?post=125319"},{"taxonomy":"product_cat","embeddable":true,"href":"https:\/\/www.emporio.si\/si\/wp-json\/wp\/v2\/product_cat?post=125319"},{"taxonomy":"product_tag","embeddable":true,"href":"https:\/\/www.emporio.si\/si\/wp-json\/wp\/v2\/product_tag?post=125319"}],"curies":[{"name":"wp","href":"https:\/\/api.w.org\/{rel}","templated":true}]}}