
{"id":125407,"date":"2024-10-08T15:05:26","date_gmt":"2024-10-08T15:05:26","guid":{"rendered":"https:\/\/www.emporio.si\/product\/a5-conference-folder\/"},"modified":"2025-11-10T19:07:03","modified_gmt":"2025-11-10T19:07:03","slug":"konferencna-mapa-a5","status":"publish","type":"product","link":"https:\/\/www.emporio.si\/si\/p\/konferencna-mapa-a5\/","title":{"rendered":"Konferen\u010dna mapa A5"},"content":{"rendered":"<p>Konferen\u010dna mapa A5 iz netkanega materiala, vklju\u010dno z bele\u017eko in pisalom CrisMa v ustrezni barvi.<\/p>","protected":false},"excerpt":{"rendered":"<p>Konferen\u010dna mapa A5 iz netkanega materiala, vklju\u010dno z bele\u017eko in pisalom CrisMa v ustrezni barvi.<\/p>","protected":false},"featured_media":125406,"template":"","meta":{"_acf_changed":false,"inline_featured_image":false,"_bst_post_transparent":"","_bst_post_title":"","_bst_post_layout":"","_bst_post_sidebar_id":"","_bst_post_content_style":"","_bst_post_vertical_padding":"","_bst_post_feature":"","_bst_post_feature_position":"","_bst_post_header":false,"_bst_post_footer":false},"product_brand":[],"product_cat":[15],"product_tag":[],"class_list":{"0":"post-125407","1":"product","2":"type-product","3":"status-publish","4":"has-post-thumbnail","6":"product_cat-random","8":"first","9":"outofstock","10":"taxable","11":"shipping-taxable","12":"purchasable","13":"product-type-variable","14":"entry","15":"content-bg","16":"loop-entry"},"acf":[],"_links":{"self":[{"href":"https:\/\/www.emporio.si\/si\/wp-json\/wp\/v2\/product\/125407","targetHints":{"allow":["GET"]}}],"collection":[{"href":"https:\/\/www.emporio.si\/si\/wp-json\/wp\/v2\/product"}],"about":[{"href":"https:\/\/www.emporio.si\/si\/wp-json\/wp\/v2\/types\/product"}],"wp:featuredmedia":[{"embeddable":true,"href":"https:\/\/www.emporio.si\/si\/wp-json\/wp\/v2\/media\/125406"}],"wp:attachment":[{"href":"https:\/\/www.emporio.si\/si\/wp-json\/wp\/v2\/media?parent=125407"}],"wp:term":[{"taxonomy":"product_brand","embeddable":true,"href":"https:\/\/www.emporio.si\/si\/wp-json\/wp\/v2\/product_brand?post=125407"},{"taxonomy":"product_cat","embeddable":true,"href":"https:\/\/www.emporio.si\/si\/wp-json\/wp\/v2\/product_cat?post=125407"},{"taxonomy":"product_tag","embeddable":true,"href":"https:\/\/www.emporio.si\/si\/wp-json\/wp\/v2\/product_tag?post=125407"}],"curies":[{"name":"wp","href":"https:\/\/api.w.org\/{rel}","templated":true}]}}