
{"id":125498,"date":"2024-10-08T15:05:44","date_gmt":"2024-10-08T15:05:44","guid":{"rendered":"https:\/\/www.emporio.si\/product\/matterhorn-travel-backpack\/"},"modified":"2025-10-15T19:20:37","modified_gmt":"2025-10-15T19:20:37","slug":"matterhorn-potovalni-nahrbtnik","status":"publish","type":"product","link":"https:\/\/www.emporio.si\/si\/p\/matterhorn-potovalni-nahrbtnik\/","title":{"rendered":"MATTERHORN Potovalni nahrbtnik"},"content":{"rendered":"<p>Kakovosten in lahek nahrbtnik, primeren predvsem za turizem.Ima oblazinjene naramnice in hrbtni sistem, pas za udobno no\u0161enje, kompresijske trakove na straneh torbe, mre\u017easte \u017eepe za plastenke na obeh straneh, zanke za palice.<\/p>","protected":false},"excerpt":{"rendered":"<p>Kakovosten in lahek nahrbtnik, primeren predvsem za turizem.Ima oblazinjene naramnice in hrbtni sistem, pas za udobno no\u0161enje, kompresijske trakove na straneh torbe, mre\u017easte \u017eepe za plastenke na obeh straneh, zanke za palice.<\/p>","protected":false},"featured_media":125494,"template":"","meta":{"_acf_changed":false,"inline_featured_image":false,"_bst_post_transparent":"","_bst_post_title":"","_bst_post_layout":"","_bst_post_sidebar_id":"","_bst_post_content_style":"","_bst_post_vertical_padding":"","_bst_post_feature":"","_bst_post_feature_position":"","_bst_post_header":false,"_bst_post_footer":false},"product_brand":[],"product_cat":[2495,2499],"product_tag":[],"class_list":{"0":"post-125498","1":"product","2":"type-product","3":"status-publish","4":"has-post-thumbnail","6":"product_cat-backpacks-and-shoulder-bags","7":"product_cat-barbecue-picnic-and-outdoor","9":"first","10":"outofstock","11":"taxable","12":"shipping-taxable","13":"purchasable","14":"product-type-variable","15":"entry","16":"content-bg","17":"loop-entry"},"acf":[],"_links":{"self":[{"href":"https:\/\/www.emporio.si\/si\/wp-json\/wp\/v2\/product\/125498","targetHints":{"allow":["GET"]}}],"collection":[{"href":"https:\/\/www.emporio.si\/si\/wp-json\/wp\/v2\/product"}],"about":[{"href":"https:\/\/www.emporio.si\/si\/wp-json\/wp\/v2\/types\/product"}],"wp:featuredmedia":[{"embeddable":true,"href":"https:\/\/www.emporio.si\/si\/wp-json\/wp\/v2\/media\/125494"}],"wp:attachment":[{"href":"https:\/\/www.emporio.si\/si\/wp-json\/wp\/v2\/media?parent=125498"}],"wp:term":[{"taxonomy":"product_brand","embeddable":true,"href":"https:\/\/www.emporio.si\/si\/wp-json\/wp\/v2\/product_brand?post=125498"},{"taxonomy":"product_cat","embeddable":true,"href":"https:\/\/www.emporio.si\/si\/wp-json\/wp\/v2\/product_cat?post=125498"},{"taxonomy":"product_tag","embeddable":true,"href":"https:\/\/www.emporio.si\/si\/wp-json\/wp\/v2\/product_tag?post=125498"}],"curies":[{"name":"wp","href":"https:\/\/api.w.org\/{rel}","templated":true}]}}