
{"id":125528,"date":"2024-10-08T15:05:49","date_gmt":"2024-10-08T15:05:49","guid":{"rendered":"https:\/\/www.emporio.si\/product\/claudie-ballpen-white\/"},"modified":"2025-11-10T13:20:07","modified_gmt":"2025-11-10T13:20:07","slug":"pisalo-claudie-belo","status":"publish","type":"product","link":"https:\/\/www.emporio.si\/si\/p\/pisalo-claudie-belo\/","title":{"rendered":"Pisalo CLAUDIE, belo"},"content":{"rendered":"<p>Luksuzno pisalo Pierre Cardin z aluminijastim ohi\u0161jem in gumijasto povr\u0161ino v beli barvi.Pisalo vsebuje kakovostno modro polnilo s konico 1 mm. Pakirano je v razko\u0161nem \u017eepu Pierre Cardin, prilo\u017eeno je potrdilo o pristnosti.<\/p>","protected":false},"excerpt":{"rendered":"<p>Luksuzno pisalo Pierre Cardin z aluminijastim ohi\u0161jem in gumijasto povr\u0161ino v beli barvi.Pisalo vsebuje kakovostno modro polnilo s konico 1 mm. Pakirano je v razko\u0161nem \u017eepu Pierre Cardin, prilo\u017eeno je potrdilo o pristnosti.<\/p>","protected":false},"featured_media":125524,"template":"","meta":{"_acf_changed":false,"inline_featured_image":false,"_bst_post_transparent":"","_bst_post_title":"","_bst_post_layout":"","_bst_post_sidebar_id":"","_bst_post_content_style":"","_bst_post_vertical_padding":"","_bst_post_feature":"","_bst_post_feature_position":"","_bst_post_header":false,"_bst_post_footer":false},"product_brand":[],"product_cat":[2475,2477],"product_tag":[],"class_list":{"0":"post-125528","1":"product","2":"type-product","3":"status-publish","4":"has-post-thumbnail","6":"product_cat-metal-pens-and-writing-instrument","7":"product_cat-touch-pens","9":"first","10":"outofstock","11":"taxable","12":"shipping-taxable","13":"product-type-variable","14":"entry","15":"content-bg","16":"loop-entry"},"acf":[],"_links":{"self":[{"href":"https:\/\/www.emporio.si\/si\/wp-json\/wp\/v2\/product\/125528","targetHints":{"allow":["GET"]}}],"collection":[{"href":"https:\/\/www.emporio.si\/si\/wp-json\/wp\/v2\/product"}],"about":[{"href":"https:\/\/www.emporio.si\/si\/wp-json\/wp\/v2\/types\/product"}],"wp:featuredmedia":[{"embeddable":true,"href":"https:\/\/www.emporio.si\/si\/wp-json\/wp\/v2\/media\/125524"}],"wp:attachment":[{"href":"https:\/\/www.emporio.si\/si\/wp-json\/wp\/v2\/media?parent=125528"}],"wp:term":[{"taxonomy":"product_brand","embeddable":true,"href":"https:\/\/www.emporio.si\/si\/wp-json\/wp\/v2\/product_brand?post=125528"},{"taxonomy":"product_cat","embeddable":true,"href":"https:\/\/www.emporio.si\/si\/wp-json\/wp\/v2\/product_cat?post=125528"},{"taxonomy":"product_tag","embeddable":true,"href":"https:\/\/www.emporio.si\/si\/wp-json\/wp\/v2\/product_tag?post=125528"}],"curies":[{"name":"wp","href":"https:\/\/api.w.org\/{rel}","templated":true}]}}