
{"id":125804,"date":"2024-10-08T15:06:48","date_gmt":"2024-10-08T15:06:48","guid":{"rendered":"https:\/\/www.emporio.si\/product\/pony-new-13in1-mini-multitool\/"},"modified":"2025-10-15T19:20:40","modified_gmt":"2025-10-15T19:20:40","slug":"pony-new-13in1-mini-multitool","status":"publish","type":"product","link":"https:\/\/www.emporio.si\/si\/p\/pony-new-13in1-mini-multitool\/","title":{"rendered":"PONY NEW 13v1 mini multitool"},"content":{"rendered":"<p>Mini ve\u010dnamensko orodje 13 v 1 Schwarzwolf s trpe\u017eno neoprensko torbico. Pakirano v darilni \u0161katli Schwarzwolf. Material: nedrse\u010d aluminijast ro\u010daj, orodja iz nerjave\u010dega jekla.<\/p>","protected":false},"excerpt":{"rendered":"<p>Mini ve\u010dnamensko orodje 13 v 1 Schwarzwolf s trpe\u017eno neoprensko torbico. Pakirano v darilni \u0161katli Schwarzwolf. Material: nedrse\u010d aluminijast ro\u010daj, orodja iz nerjave\u010dega jekla.<\/p>","protected":false},"featured_media":125794,"template":"","meta":{"_acf_changed":false,"inline_featured_image":false,"_bst_post_transparent":"","_bst_post_title":"","_bst_post_layout":"","_bst_post_sidebar_id":"","_bst_post_content_style":"","_bst_post_vertical_padding":"","_bst_post_feature":"","_bst_post_feature_position":"","_bst_post_header":false,"_bst_post_footer":false},"product_brand":[],"product_cat":[2529],"product_tag":[],"class_list":{"0":"post-125804","1":"product","2":"type-product","3":"status-publish","4":"has-post-thumbnail","6":"product_cat-multitools","8":"first","9":"outofstock","10":"taxable","11":"shipping-taxable","12":"purchasable","13":"product-type-variable","14":"entry","15":"content-bg","16":"loop-entry"},"acf":[],"_links":{"self":[{"href":"https:\/\/www.emporio.si\/si\/wp-json\/wp\/v2\/product\/125804","targetHints":{"allow":["GET"]}}],"collection":[{"href":"https:\/\/www.emporio.si\/si\/wp-json\/wp\/v2\/product"}],"about":[{"href":"https:\/\/www.emporio.si\/si\/wp-json\/wp\/v2\/types\/product"}],"wp:featuredmedia":[{"embeddable":true,"href":"https:\/\/www.emporio.si\/si\/wp-json\/wp\/v2\/media\/125794"}],"wp:attachment":[{"href":"https:\/\/www.emporio.si\/si\/wp-json\/wp\/v2\/media?parent=125804"}],"wp:term":[{"taxonomy":"product_brand","embeddable":true,"href":"https:\/\/www.emporio.si\/si\/wp-json\/wp\/v2\/product_brand?post=125804"},{"taxonomy":"product_cat","embeddable":true,"href":"https:\/\/www.emporio.si\/si\/wp-json\/wp\/v2\/product_cat?post=125804"},{"taxonomy":"product_tag","embeddable":true,"href":"https:\/\/www.emporio.si\/si\/wp-json\/wp\/v2\/product_tag?post=125804"}],"curies":[{"name":"wp","href":"https:\/\/api.w.org\/{rel}","templated":true}]}}