
{"id":125865,"date":"2024-10-08T15:07:00","date_gmt":"2024-10-08T15:07:00","guid":{"rendered":"https:\/\/www.emporio.si\/product\/claudie-rollerball-pen-2\/"},"modified":"2025-11-10T13:20:10","modified_gmt":"2025-11-10T13:20:10","slug":"pisalo-claudie-rollerball-2","status":"publish","type":"product","link":"https:\/\/www.emporio.si\/si\/p\/pisalo-claudie-rollerball-2\/","title":{"rendered":"Pisalo CLAUDIE z rolerjem"},"content":{"rendered":"<p>Luksuzni valj\u010dek z aluminijastim ohi\u0161jem<br \/>\nin gumijasto povr\u0161ino, ki je zelo prijetna na otip.<br \/>\nValj\u010dek je okra\u0161en s srebrnimi detajli in se lahko uporablja<br \/>\nprav tako kot pisalo.<br \/>\nNajve\u010dja velikost tiska: 40 \u00d7 6 mm<br \/>\npisalo 13,5 \u00d7 1 cm<br \/>\nembala\u017ea 5,5 \u00d7 15,5 cm<br \/>\nKartoni (kosov): 60<\/p>","protected":false},"excerpt":{"rendered":"<p>Luxury roller with aluminium body and rubber surface finish, which is very pleasant to touch. Roller is decorated by silver details and could be used also like stylus. Max print size: 40 \u00d7 6 mm pen 13.5 \u00d7 1 cm packaging 5.5 \u00d7 15.5cm Cartons (pcs): 60<\/p>","protected":false},"featured_media":125862,"template":"","meta":{"_acf_changed":false,"inline_featured_image":false,"_bst_post_transparent":"","_bst_post_title":"","_bst_post_layout":"","_bst_post_sidebar_id":"","_bst_post_content_style":"","_bst_post_vertical_padding":"","_bst_post_feature":"","_bst_post_feature_position":"","_bst_post_header":false,"_bst_post_footer":false},"product_brand":[],"product_cat":[2475,2477],"product_tag":[],"class_list":{"0":"post-125865","1":"product","2":"type-product","3":"status-publish","4":"has-post-thumbnail","6":"product_cat-metal-pens-and-writing-instrument","7":"product_cat-touch-pens","9":"first","10":"outofstock","11":"taxable","12":"shipping-taxable","13":"product-type-variable","14":"entry","15":"content-bg","16":"loop-entry"},"acf":[],"_links":{"self":[{"href":"https:\/\/www.emporio.si\/si\/wp-json\/wp\/v2\/product\/125865","targetHints":{"allow":["GET"]}}],"collection":[{"href":"https:\/\/www.emporio.si\/si\/wp-json\/wp\/v2\/product"}],"about":[{"href":"https:\/\/www.emporio.si\/si\/wp-json\/wp\/v2\/types\/product"}],"wp:featuredmedia":[{"embeddable":true,"href":"https:\/\/www.emporio.si\/si\/wp-json\/wp\/v2\/media\/125862"}],"wp:attachment":[{"href":"https:\/\/www.emporio.si\/si\/wp-json\/wp\/v2\/media?parent=125865"}],"wp:term":[{"taxonomy":"product_brand","embeddable":true,"href":"https:\/\/www.emporio.si\/si\/wp-json\/wp\/v2\/product_brand?post=125865"},{"taxonomy":"product_cat","embeddable":true,"href":"https:\/\/www.emporio.si\/si\/wp-json\/wp\/v2\/product_cat?post=125865"},{"taxonomy":"product_tag","embeddable":true,"href":"https:\/\/www.emporio.si\/si\/wp-json\/wp\/v2\/product_tag?post=125865"}],"curies":[{"name":"wp","href":"https:\/\/api.w.org\/{rel}","templated":true}]}}