
{"id":125872,"date":"2024-10-08T15:07:01","date_gmt":"2024-10-08T15:07:01","guid":{"rendered":"https:\/\/www.emporio.si\/product\/beerbara-cooling-stick-for-a-beer\/"},"modified":"2025-10-20T05:55:56","modified_gmt":"2025-10-20T05:55:56","slug":"beerbara-hladilna-palica-za-pivo","status":"publish","type":"product","link":"https:\/\/www.emporio.si\/si\/p\/beerbara-hladilna-palica-za-pivo\/","title":{"rendered":"BEERBARA hladilna palica za pivo"},"content":{"rendered":"<p>Na \u017earu s prijatelji ali med delom na vrtu boste zagotovo cenili hladilno palico za pivo. Hladilni palici je prilo\u017een majhen lijak, ki je sestavni del hladilnika. Hladilnik ohranja idealno temperaturo va\u0161e steklenice piva med pitjem celotne steklenice. Izberete lahko razli\u010dico za 0,3 l ali 0,5 l steklenice. Hladilnik za 30 minut postavite v zamrzovalnik in ga nato vstavite v steklenico. Pakirano v darilni \u0161katli Vanilla Season.<\/p>","protected":false},"excerpt":{"rendered":"<p>At a barbeque with your friends or while working in the garden, you will surely appreciate a cooling stick for a beer. Included with the cooling stick is a small funnel which is integral to the cooler. The cooler maintains the ideal temperature of your bottle of beer while drinking the entire bottle. You can&#8230;<\/p>","protected":false},"featured_media":125866,"template":"","meta":{"_acf_changed":false,"inline_featured_image":false,"_bst_post_transparent":"","_bst_post_title":"","_bst_post_layout":"","_bst_post_sidebar_id":"","_bst_post_content_style":"","_bst_post_vertical_padding":"","_bst_post_feature":"","_bst_post_feature_position":"","_bst_post_header":false,"_bst_post_footer":false},"product_brand":[],"product_cat":[2499,2510,2512],"product_tag":[],"class_list":{"0":"post-125872","1":"product","2":"type-product","3":"status-publish","4":"has-post-thumbnail","6":"product_cat-barbecue-picnic-and-outdoor","7":"product_cat-bottle-opener-glass-opener","8":"product_cat-sets-and-drinking-accessories","10":"first","11":"outofstock","12":"taxable","13":"shipping-taxable","14":"product-type-variable","15":"entry","16":"content-bg","17":"loop-entry"},"acf":[],"_links":{"self":[{"href":"https:\/\/www.emporio.si\/si\/wp-json\/wp\/v2\/product\/125872","targetHints":{"allow":["GET"]}}],"collection":[{"href":"https:\/\/www.emporio.si\/si\/wp-json\/wp\/v2\/product"}],"about":[{"href":"https:\/\/www.emporio.si\/si\/wp-json\/wp\/v2\/types\/product"}],"wp:featuredmedia":[{"embeddable":true,"href":"https:\/\/www.emporio.si\/si\/wp-json\/wp\/v2\/media\/125866"}],"wp:attachment":[{"href":"https:\/\/www.emporio.si\/si\/wp-json\/wp\/v2\/media?parent=125872"}],"wp:term":[{"taxonomy":"product_brand","embeddable":true,"href":"https:\/\/www.emporio.si\/si\/wp-json\/wp\/v2\/product_brand?post=125872"},{"taxonomy":"product_cat","embeddable":true,"href":"https:\/\/www.emporio.si\/si\/wp-json\/wp\/v2\/product_cat?post=125872"},{"taxonomy":"product_tag","embeddable":true,"href":"https:\/\/www.emporio.si\/si\/wp-json\/wp\/v2\/product_tag?post=125872"}],"curies":[{"name":"wp","href":"https:\/\/api.w.org\/{rel}","templated":true}]}}