
{"id":125875,"date":"2024-10-08T15:07:02","date_gmt":"2024-10-08T15:07:02","guid":{"rendered":"https:\/\/www.emporio.si\/product\/luca-watt-utility-camp-lantern\/"},"modified":"2025-10-15T19:20:41","modified_gmt":"2025-10-15T19:20:41","slug":"luca-watt-uporabna-taborniska-svetilka","status":"publish","type":"product","link":"https:\/\/www.emporio.si\/si\/p\/luca-watt-uporabna-taborniska-svetilka\/","title":{"rendered":"LUCA Watt Utility Camp Lantern"},"content":{"rendered":"<p>Svetilka za kampiranje s tremi na\u010dini<br \/>\nosvetlitve. Mo\u010dna svetloba, \u0161ibka svetloba in<br \/>\nna\u010din utripanja. Prilo\u017een je priro\u010dnik.<br \/>\nSvetilnost: 60 lumnov<br \/>\nNajve\u010dja velikost odtisa: 50 \u00d7 8 mm<br \/>\nDimenzije: 9 \u00d7 9 \u00d7 5 cm<br \/>\nVklju\u010dene so 3 \u00d7 baterije AA<\/p>","protected":false},"excerpt":{"rendered":"<p>Camping light\/lantern with three modes of lighting. Strong light, weak light and flashing mode. Manual included. Luminosity: 60 lumens Maximum imprint size: 50 \u00d7 8 mm Dimensions: 9 \u00d7 9 \u00d7 5 cm 3 \u00d7 AA Batteries included<\/p>","protected":false},"featured_media":125873,"template":"","meta":{"_acf_changed":false,"inline_featured_image":false,"_bst_post_transparent":"","_bst_post_title":"","_bst_post_layout":"","_bst_post_sidebar_id":"","_bst_post_content_style":"","_bst_post_vertical_padding":"","_bst_post_feature":"","_bst_post_feature_position":"","_bst_post_header":false,"_bst_post_footer":false},"product_brand":[],"product_cat":[2499,2519],"product_tag":[],"class_list":{"0":"post-125875","1":"product","2":"type-product","3":"status-publish","4":"has-post-thumbnail","6":"product_cat-barbecue-picnic-and-outdoor","7":"product_cat-flashlights","9":"first","10":"outofstock","11":"taxable","12":"shipping-taxable","13":"purchasable","14":"product-type-variable","15":"entry","16":"content-bg","17":"loop-entry"},"acf":[],"_links":{"self":[{"href":"https:\/\/www.emporio.si\/si\/wp-json\/wp\/v2\/product\/125875","targetHints":{"allow":["GET"]}}],"collection":[{"href":"https:\/\/www.emporio.si\/si\/wp-json\/wp\/v2\/product"}],"about":[{"href":"https:\/\/www.emporio.si\/si\/wp-json\/wp\/v2\/types\/product"}],"wp:featuredmedia":[{"embeddable":true,"href":"https:\/\/www.emporio.si\/si\/wp-json\/wp\/v2\/media\/125873"}],"wp:attachment":[{"href":"https:\/\/www.emporio.si\/si\/wp-json\/wp\/v2\/media?parent=125875"}],"wp:term":[{"taxonomy":"product_brand","embeddable":true,"href":"https:\/\/www.emporio.si\/si\/wp-json\/wp\/v2\/product_brand?post=125875"},{"taxonomy":"product_cat","embeddable":true,"href":"https:\/\/www.emporio.si\/si\/wp-json\/wp\/v2\/product_cat?post=125875"},{"taxonomy":"product_tag","embeddable":true,"href":"https:\/\/www.emporio.si\/si\/wp-json\/wp\/v2\/product_tag?post=125875"}],"curies":[{"name":"wp","href":"https:\/\/api.w.org\/{rel}","templated":true}]}}