
{"id":125905,"date":"2024-10-08T15:07:08","date_gmt":"2024-10-08T15:07:08","guid":{"rendered":"https:\/\/www.emporio.si\/product\/evolution-ballpoint-pen-blue\/"},"modified":"2025-11-10T13:20:10","modified_gmt":"2025-11-10T13:20:10","slug":"modro-pisalo-evolution-ballpoint-pen","status":"publish","type":"product","link":"https:\/\/www.emporio.si\/si\/p\/modro-pisalo-evolution-ballpoint-pen\/","title":{"rendered":"EVOLUTION Krogli\u010dno pero, modro"},"content":{"rendered":"<p>Razko\u0161no kovinsko pisalo Pierre Cardin ima privla\u010dno obliko z elegantno gladko povr\u0161ino, ki jo odlikuje<br \/>\ndomiselno gravuro v barvi kovine, ki je name\u0161\u010dena na vrhu telesa. Pisalo je pakirano v modri barvi in vsebuje<br \/>\nzamenjava<\/p>","protected":false},"excerpt":{"rendered":"<p>Pierre Cardin\u2018s luxurious metal ballpoint pen has an eye-catching design with an elegant smooth surface, featuring an imaginative engraving in the gunmetal color placed on the top of the body. The ballpoint pen is packed in blue and contains a replac<\/p>","protected":false},"featured_media":125902,"template":"","meta":{"_acf_changed":false,"inline_featured_image":false,"_bst_post_transparent":"","_bst_post_title":"","_bst_post_layout":"","_bst_post_sidebar_id":"","_bst_post_content_style":"","_bst_post_vertical_padding":"","_bst_post_feature":"","_bst_post_feature_position":"","_bst_post_header":false,"_bst_post_footer":false},"product_brand":[],"product_cat":[2475],"product_tag":[],"class_list":{"0":"post-125905","1":"product","2":"type-product","3":"status-publish","4":"has-post-thumbnail","6":"product_cat-metal-pens-and-writing-instrument","8":"first","9":"outofstock","10":"taxable","11":"shipping-taxable","12":"product-type-variable","13":"entry","14":"content-bg","15":"loop-entry"},"acf":[],"_links":{"self":[{"href":"https:\/\/www.emporio.si\/si\/wp-json\/wp\/v2\/product\/125905","targetHints":{"allow":["GET"]}}],"collection":[{"href":"https:\/\/www.emporio.si\/si\/wp-json\/wp\/v2\/product"}],"about":[{"href":"https:\/\/www.emporio.si\/si\/wp-json\/wp\/v2\/types\/product"}],"wp:featuredmedia":[{"embeddable":true,"href":"https:\/\/www.emporio.si\/si\/wp-json\/wp\/v2\/media\/125902"}],"wp:attachment":[{"href":"https:\/\/www.emporio.si\/si\/wp-json\/wp\/v2\/media?parent=125905"}],"wp:term":[{"taxonomy":"product_brand","embeddable":true,"href":"https:\/\/www.emporio.si\/si\/wp-json\/wp\/v2\/product_brand?post=125905"},{"taxonomy":"product_cat","embeddable":true,"href":"https:\/\/www.emporio.si\/si\/wp-json\/wp\/v2\/product_cat?post=125905"},{"taxonomy":"product_tag","embeddable":true,"href":"https:\/\/www.emporio.si\/si\/wp-json\/wp\/v2\/product_tag?post=125905"}],"curies":[{"name":"wp","href":"https:\/\/api.w.org\/{rel}","templated":true}]}}