
{"id":126012,"date":"2024-10-08T15:07:29","date_gmt":"2024-10-08T15:07:29","guid":{"rendered":"https:\/\/www.emporio.si\/product\/espace-ballpen\/"},"modified":"2025-10-20T05:55:57","modified_gmt":"2025-10-20T05:55:57","slug":"pisalo-espace","status":"publish","type":"product","link":"https:\/\/www.emporio.si\/si\/p\/pisalo-espace\/","title":{"rendered":"Pisalo ESPACE"},"content":{"rendered":"<p>Telo je okra\u0161eno s kva\u010dkano gravuro,<br \/>\nvsebuje modro polnilo, pero 0,5 mm in rezervno<br \/>\n\u010drno polnilo. Pakirano v luksuzni \u0161katli Pierre Cardin.<br \/>\nNajve\u010dja velikost tiska: 40 \u00d7 5 mm<br \/>\npisalo 13,7 \u00d7 1 cm<br \/>\nembala\u017ea 5,1 \u00d7 3,4 \u00d7 17 4 cm<br \/>\nKartoni (kosov): 20<\/p>","protected":false},"excerpt":{"rendered":"<p>Body is decorated with checkered engraving, contains blue refill, nib 0.5 mm and spare black refill. Packaged in luxury box Pierre Cardin. Max print size: 40 \u00d7 5 mm pen 13.7 \u00d7 1 cm packaging 5.1 \u00d7 3.4 \u00d7 17 4 cm Cartons (pcs): 20<\/p>","protected":false},"featured_media":126008,"template":"","meta":{"_acf_changed":false,"inline_featured_image":false,"_bst_post_transparent":"","_bst_post_title":"","_bst_post_layout":"","_bst_post_sidebar_id":"","_bst_post_content_style":"","_bst_post_vertical_padding":"","_bst_post_feature":"","_bst_post_feature_position":"","_bst_post_header":false,"_bst_post_footer":false},"product_brand":[],"product_cat":[2475],"product_tag":[],"class_list":{"0":"post-126012","1":"product","2":"type-product","3":"status-publish","4":"has-post-thumbnail","6":"product_cat-metal-pens-and-writing-instrument","8":"first","9":"outofstock","10":"taxable","11":"shipping-taxable","12":"product-type-variable","13":"entry","14":"content-bg","15":"loop-entry"},"acf":[],"_links":{"self":[{"href":"https:\/\/www.emporio.si\/si\/wp-json\/wp\/v2\/product\/126012","targetHints":{"allow":["GET"]}}],"collection":[{"href":"https:\/\/www.emporio.si\/si\/wp-json\/wp\/v2\/product"}],"about":[{"href":"https:\/\/www.emporio.si\/si\/wp-json\/wp\/v2\/types\/product"}],"wp:featuredmedia":[{"embeddable":true,"href":"https:\/\/www.emporio.si\/si\/wp-json\/wp\/v2\/media\/126008"}],"wp:attachment":[{"href":"https:\/\/www.emporio.si\/si\/wp-json\/wp\/v2\/media?parent=126012"}],"wp:term":[{"taxonomy":"product_brand","embeddable":true,"href":"https:\/\/www.emporio.si\/si\/wp-json\/wp\/v2\/product_brand?post=126012"},{"taxonomy":"product_cat","embeddable":true,"href":"https:\/\/www.emporio.si\/si\/wp-json\/wp\/v2\/product_cat?post=126012"},{"taxonomy":"product_tag","embeddable":true,"href":"https:\/\/www.emporio.si\/si\/wp-json\/wp\/v2\/product_tag?post=126012"}],"curies":[{"name":"wp","href":"https:\/\/api.w.org\/{rel}","templated":true}]}}