
{"id":126118,"date":"2024-10-08T15:07:50","date_gmt":"2024-10-08T15:07:50","guid":{"rendered":"https:\/\/www.emporio.si\/product\/tanganika-set-of-herbs-cutter\/"},"modified":"2025-11-10T19:07:04","modified_gmt":"2025-11-10T19:07:04","slug":"tanganika-komplet-rezalnikov-za-zelisca","status":"publish","type":"product","link":"https:\/\/www.emporio.si\/si\/p\/tanganika-komplet-rezalnikov-za-zelisca\/","title":{"rendered":"TANGANIKA komplet rezalnikov za zeli\u0161\u010da"},"content":{"rendered":"<p>Prakti\u010den komplet sekljalnika zeli\u0161\u010d in lesene deske. Ta komplet je odli\u010dno darilo za vse, ki radi kuhajo iz sve\u017eih sestavin. Dandanes skoraj vsi gojijo zeli\u0161\u010da. sekljalnik 13,5 \u00d7 13 cm, deska O 20 cm, paket 25 \u00d7 25 \u00d7 6,5 cm.<\/p>","protected":false},"excerpt":{"rendered":"<p>Prakti\u010den komplet sekljalnika zeli\u0161\u010d in lesene deske. Ta komplet je odli\u010dno darilo za vse, ki radi kuhajo iz sve\u017eih sestavin. Dandanes skoraj vsi gojijo zeli\u0161\u010da. sekljalnik 13,5 \u00d7 13 cm, deska O 20 cm, paket 25 \u00d7 25 \u00d7 6,5 cm.<\/p>","protected":false},"featured_media":126116,"template":"","meta":{"_acf_changed":false,"inline_featured_image":false,"_bst_post_transparent":"","_bst_post_title":"","_bst_post_layout":"","_bst_post_sidebar_id":"","_bst_post_content_style":"","_bst_post_vertical_padding":"","_bst_post_feature":"","_bst_post_feature_position":"","_bst_post_header":false,"_bst_post_footer":false},"product_brand":[],"product_cat":[2507],"product_tag":[2640],"class_list":{"0":"post-126118","1":"product","2":"type-product","3":"status-publish","4":"has-post-thumbnail","6":"product_cat-kitchen-accessories","7":"product_tag-bestsellers","9":"first","10":"outofstock","11":"featured","12":"taxable","13":"shipping-taxable","14":"purchasable","15":"product-type-variable","16":"entry","17":"content-bg","18":"loop-entry"},"acf":[],"_links":{"self":[{"href":"https:\/\/www.emporio.si\/si\/wp-json\/wp\/v2\/product\/126118","targetHints":{"allow":["GET"]}}],"collection":[{"href":"https:\/\/www.emporio.si\/si\/wp-json\/wp\/v2\/product"}],"about":[{"href":"https:\/\/www.emporio.si\/si\/wp-json\/wp\/v2\/types\/product"}],"wp:featuredmedia":[{"embeddable":true,"href":"https:\/\/www.emporio.si\/si\/wp-json\/wp\/v2\/media\/126116"}],"wp:attachment":[{"href":"https:\/\/www.emporio.si\/si\/wp-json\/wp\/v2\/media?parent=126118"}],"wp:term":[{"taxonomy":"product_brand","embeddable":true,"href":"https:\/\/www.emporio.si\/si\/wp-json\/wp\/v2\/product_brand?post=126118"},{"taxonomy":"product_cat","embeddable":true,"href":"https:\/\/www.emporio.si\/si\/wp-json\/wp\/v2\/product_cat?post=126118"},{"taxonomy":"product_tag","embeddable":true,"href":"https:\/\/www.emporio.si\/si\/wp-json\/wp\/v2\/product_tag?post=126118"}],"curies":[{"name":"wp","href":"https:\/\/api.w.org\/{rel}","templated":true}]}}