
{"id":126129,"date":"2024-10-08T15:07:53","date_gmt":"2024-10-08T15:07:53","guid":{"rendered":"https:\/\/www.emporio.si\/product\/christophe-ballpoint-pen\/"},"modified":"2025-11-10T13:20:11","modified_gmt":"2025-11-10T13:20:11","slug":"kroglicno-pero-christophe","status":"publish","type":"product","link":"https:\/\/www.emporio.si\/si\/p\/kroglicno-pero-christophe\/","title":{"rendered":"Krogli\u010dno pero CHRISTOPHE"},"content":{"rendered":"<p>Luksuzni bakreni pripomo\u010dki za pisanje Pierre Cardin<br \/>\nv masivni zasnovi. Lepa kombinacija srebra<br \/>\nin \u010drne barve z drobno gravuro na spodnjem delu peresa.<br \/>\nKonico pisala \u0161\u010diti pokrov\u010dek \u010drne barve.<br \/>\npisalo 13,7 \u00d7 1 cm<br \/>\nKartoni (kosov): 20<\/p>","protected":false},"excerpt":{"rendered":"<p>Luxury copper writing implements Pierre Cardin in a massive design. Nice combination of silver and black colour with fine engraving on lower part of the pen. The pen nib is protected by a cap in black colour. pen 13.7 \u00d7 1 cm Cartons (pcs): 20<\/p>","protected":false},"featured_media":126125,"template":"","meta":{"_acf_changed":false,"inline_featured_image":false,"_bst_post_transparent":"","_bst_post_title":"","_bst_post_layout":"","_bst_post_sidebar_id":"","_bst_post_content_style":"","_bst_post_vertical_padding":"","_bst_post_feature":"","_bst_post_feature_position":"","_bst_post_header":false,"_bst_post_footer":false},"product_brand":[],"product_cat":[2475,2481],"product_tag":[],"class_list":{"0":"post-126129","1":"product","2":"type-product","3":"status-publish","4":"has-post-thumbnail","6":"product_cat-metal-pens-and-writing-instrument","7":"product_cat-pen-sets-and-pen-holders","9":"first","10":"outofstock","11":"taxable","12":"shipping-taxable","13":"product-type-variable","14":"entry","15":"content-bg","16":"loop-entry"},"acf":[],"_links":{"self":[{"href":"https:\/\/www.emporio.si\/si\/wp-json\/wp\/v2\/product\/126129","targetHints":{"allow":["GET"]}}],"collection":[{"href":"https:\/\/www.emporio.si\/si\/wp-json\/wp\/v2\/product"}],"about":[{"href":"https:\/\/www.emporio.si\/si\/wp-json\/wp\/v2\/types\/product"}],"wp:featuredmedia":[{"embeddable":true,"href":"https:\/\/www.emporio.si\/si\/wp-json\/wp\/v2\/media\/126125"}],"wp:attachment":[{"href":"https:\/\/www.emporio.si\/si\/wp-json\/wp\/v2\/media?parent=126129"}],"wp:term":[{"taxonomy":"product_brand","embeddable":true,"href":"https:\/\/www.emporio.si\/si\/wp-json\/wp\/v2\/product_brand?post=126129"},{"taxonomy":"product_cat","embeddable":true,"href":"https:\/\/www.emporio.si\/si\/wp-json\/wp\/v2\/product_cat?post=126129"},{"taxonomy":"product_tag","embeddable":true,"href":"https:\/\/www.emporio.si\/si\/wp-json\/wp\/v2\/product_tag?post=126129"}],"curies":[{"name":"wp","href":"https:\/\/api.w.org\/{rel}","templated":true}]}}