
{"id":126163,"date":"2024-10-08T15:07:59","date_gmt":"2024-10-08T15:07:59","guid":{"rendered":"https:\/\/www.emporio.si\/product\/luberon-metal-ballpoint-pen\/"},"modified":"2025-10-20T05:55:58","modified_gmt":"2025-10-20T05:55:58","slug":"kovinsko-pisalo-luberon","status":"publish","type":"product","link":"https:\/\/www.emporio.si\/si\/p\/kovinsko-pisalo-luberon\/","title":{"rendered":"Kovinsko pisalo LUBERON"},"content":{"rendered":"<p>Elegantno krogli\u010dno pero Pierre Cardin z mehanizmom za zavijanje, izdelano iz kovine, s \u010dudovitim mat zaklju\u010dkom in kontrastno svetle\u010do sponko.<\/p>","protected":false},"excerpt":{"rendered":"<p>Elegantno krogli\u010dno pero Pierre Cardin z mehanizmom za zavijanje, izdelano iz kovine, s \u010dudovitim mat zaklju\u010dkom in kontrastno svetle\u010do sponko.<\/p>","protected":false},"featured_media":126159,"template":"","meta":{"_acf_changed":false,"inline_featured_image":false,"_bst_post_transparent":"","_bst_post_title":"","_bst_post_layout":"","_bst_post_sidebar_id":"","_bst_post_content_style":"","_bst_post_vertical_padding":"","_bst_post_feature":"","_bst_post_feature_position":"","_bst_post_header":false,"_bst_post_footer":false},"product_brand":[],"product_cat":[2475],"product_tag":[],"class_list":{"0":"post-126163","1":"product","2":"type-product","3":"status-publish","4":"has-post-thumbnail","6":"product_cat-metal-pens-and-writing-instrument","8":"first","9":"outofstock","10":"taxable","11":"shipping-taxable","12":"product-type-variable","13":"entry","14":"content-bg","15":"loop-entry"},"acf":[],"_links":{"self":[{"href":"https:\/\/www.emporio.si\/si\/wp-json\/wp\/v2\/product\/126163","targetHints":{"allow":["GET"]}}],"collection":[{"href":"https:\/\/www.emporio.si\/si\/wp-json\/wp\/v2\/product"}],"about":[{"href":"https:\/\/www.emporio.si\/si\/wp-json\/wp\/v2\/types\/product"}],"wp:featuredmedia":[{"embeddable":true,"href":"https:\/\/www.emporio.si\/si\/wp-json\/wp\/v2\/media\/126159"}],"wp:attachment":[{"href":"https:\/\/www.emporio.si\/si\/wp-json\/wp\/v2\/media?parent=126163"}],"wp:term":[{"taxonomy":"product_brand","embeddable":true,"href":"https:\/\/www.emporio.si\/si\/wp-json\/wp\/v2\/product_brand?post=126163"},{"taxonomy":"product_cat","embeddable":true,"href":"https:\/\/www.emporio.si\/si\/wp-json\/wp\/v2\/product_cat?post=126163"},{"taxonomy":"product_tag","embeddable":true,"href":"https:\/\/www.emporio.si\/si\/wp-json\/wp\/v2\/product_tag?post=126163"}],"curies":[{"name":"wp","href":"https:\/\/api.w.org\/{rel}","templated":true}]}}