
{"id":126320,"date":"2024-10-08T15:08:29","date_gmt":"2024-10-08T15:08:29","guid":{"rendered":"https:\/\/www.emporio.si\/product\/tronador-head-lamp\/"},"modified":"2025-10-15T19:20:44","modified_gmt":"2025-10-15T19:20:44","slug":"zaromet-tronador","status":"publish","type":"product","link":"https:\/\/www.emporio.si\/si\/p\/zaromet-tronador\/","title":{"rendered":"\u017daromet TRONADOR"},"content":{"rendered":"<p>\u017daromet Schwarzwolf v \u010drni barvi z diodo COB. Ima tri na\u010dine osvetlitve: \u0161ibka svetloba, mo\u010dna svetloba in utripanje. Prilo\u017een je gumijast naglavni trak z logotipom Schwarzwolf. Pakirano v darilni \u0161katli Schwarzwolf.<\/p>","protected":false},"excerpt":{"rendered":"<p>\u017daromet Schwarzwolf v \u010drni barvi z diodo COB. Ima tri na\u010dine osvetlitve: \u0161ibka svetloba, mo\u010dna svetloba in utripanje. Prilo\u017een je gumijast naglavni trak z logotipom Schwarzwolf. Pakirano v darilni \u0161katli Schwarzwolf.<\/p>","protected":false},"featured_media":126317,"template":"","meta":{"_acf_changed":false,"inline_featured_image":false,"_bst_post_transparent":"","_bst_post_title":"","_bst_post_layout":"","_bst_post_sidebar_id":"","_bst_post_content_style":"","_bst_post_vertical_padding":"","_bst_post_feature":"","_bst_post_feature_position":"","_bst_post_header":false,"_bst_post_footer":false},"product_brand":[],"product_cat":[2519],"product_tag":[2640],"class_list":{"0":"post-126320","1":"product","2":"type-product","3":"status-publish","4":"has-post-thumbnail","6":"product_cat-flashlights","7":"product_tag-bestsellers","9":"first","10":"outofstock","11":"taxable","12":"shipping-taxable","13":"purchasable","14":"product-type-variable","15":"entry","16":"content-bg","17":"loop-entry"},"acf":[],"_links":{"self":[{"href":"https:\/\/www.emporio.si\/si\/wp-json\/wp\/v2\/product\/126320","targetHints":{"allow":["GET"]}}],"collection":[{"href":"https:\/\/www.emporio.si\/si\/wp-json\/wp\/v2\/product"}],"about":[{"href":"https:\/\/www.emporio.si\/si\/wp-json\/wp\/v2\/types\/product"}],"wp:featuredmedia":[{"embeddable":true,"href":"https:\/\/www.emporio.si\/si\/wp-json\/wp\/v2\/media\/126317"}],"wp:attachment":[{"href":"https:\/\/www.emporio.si\/si\/wp-json\/wp\/v2\/media?parent=126320"}],"wp:term":[{"taxonomy":"product_brand","embeddable":true,"href":"https:\/\/www.emporio.si\/si\/wp-json\/wp\/v2\/product_brand?post=126320"},{"taxonomy":"product_cat","embeddable":true,"href":"https:\/\/www.emporio.si\/si\/wp-json\/wp\/v2\/product_cat?post=126320"},{"taxonomy":"product_tag","embeddable":true,"href":"https:\/\/www.emporio.si\/si\/wp-json\/wp\/v2\/product_tag?post=126320"}],"curies":[{"name":"wp","href":"https:\/\/api.w.org\/{rel}","templated":true}]}}