
{"id":126352,"date":"2024-10-08T15:08:35","date_gmt":"2024-10-08T15:08:35","guid":{"rendered":"https:\/\/www.emporio.si\/product\/tripura-6-cups-and-saucers\/"},"modified":"2025-11-10T19:07:04","modified_gmt":"2025-11-10T19:07:04","slug":"tripura-6-skodelic-in-kroznikov","status":"publish","type":"product","link":"https:\/\/www.emporio.si\/si\/p\/tripura-6-skodelic-in-kroznikov\/","title":{"rendered":"TRIPURA 6 skodelic in kro\u017enikov"},"content":{"rendered":"<p>Komplet porcelanskih skodelic in podstavkov za \u010daj v klasi\u010dnem dizajnu angle\u0161kih \u010dajnih garnitur, prostornina skodelic je 250 ml.  Komplet je mogo\u010de kupiti v pakiranjih po dva ali \u0161est kosov v darilni \u0161katli Vanilla Season.<\/p>","protected":false},"excerpt":{"rendered":"<p>A\u00a0set of porcelain cups and tea saucers in classical English tea sets design, cup volume is 250 ml. The set can be purchased in packs of two or six pieces in a\u00a0gift box Vanilla Season.<\/p>","protected":false},"featured_media":126351,"template":"","meta":{"_acf_changed":false,"inline_featured_image":false,"_bst_post_transparent":"","_bst_post_title":"","_bst_post_layout":"","_bst_post_sidebar_id":"","_bst_post_content_style":"","_bst_post_vertical_padding":"","_bst_post_feature":"","_bst_post_feature_position":"","_bst_post_header":false,"_bst_post_footer":false},"product_brand":[],"product_cat":[2511,2512,2513],"product_tag":[],"class_list":{"0":"post-126352","1":"product","2":"type-product","3":"status-publish","4":"has-post-thumbnail","6":"product_cat-mugs-cups-jugs","7":"product_cat-sets-and-drinking-accessories","8":"product_cat-wine-bar","10":"first","11":"outofstock","12":"taxable","13":"shipping-taxable","14":"purchasable","15":"product-type-variable","16":"entry","17":"content-bg","18":"loop-entry"},"acf":[],"_links":{"self":[{"href":"https:\/\/www.emporio.si\/si\/wp-json\/wp\/v2\/product\/126352","targetHints":{"allow":["GET"]}}],"collection":[{"href":"https:\/\/www.emporio.si\/si\/wp-json\/wp\/v2\/product"}],"about":[{"href":"https:\/\/www.emporio.si\/si\/wp-json\/wp\/v2\/types\/product"}],"wp:featuredmedia":[{"embeddable":true,"href":"https:\/\/www.emporio.si\/si\/wp-json\/wp\/v2\/media\/126351"}],"wp:attachment":[{"href":"https:\/\/www.emporio.si\/si\/wp-json\/wp\/v2\/media?parent=126352"}],"wp:term":[{"taxonomy":"product_brand","embeddable":true,"href":"https:\/\/www.emporio.si\/si\/wp-json\/wp\/v2\/product_brand?post=126352"},{"taxonomy":"product_cat","embeddable":true,"href":"https:\/\/www.emporio.si\/si\/wp-json\/wp\/v2\/product_cat?post=126352"},{"taxonomy":"product_tag","embeddable":true,"href":"https:\/\/www.emporio.si\/si\/wp-json\/wp\/v2\/product_tag?post=126352"}],"curies":[{"name":"wp","href":"https:\/\/api.w.org\/{rel}","templated":true}]}}