
{"id":126373,"date":"2024-10-08T15:08:39","date_gmt":"2024-10-08T15:08:39","guid":{"rendered":"https:\/\/www.emporio.si\/product\/moreton-white-wine-glasses-2\/"},"modified":"2025-11-10T13:20:13","modified_gmt":"2025-11-10T13:20:13","slug":"kozarci-za-belo-vino-moreton-2","status":"publish","type":"product","link":"https:\/\/www.emporio.si\/si\/p\/kozarci-za-belo-vino-moreton-2\/","title":{"rendered":"MORETON Kozarci za belo vino 2"},"content":{"rendered":"<p>Komplet dveh elegantnih kozarcev za belo vino (250 ml) Bohemia Crystal za romanti\u010dne ve\u010dere v dvoje. Pakirano v darilni \u0161katli Vanilla Season.<\/p>","protected":false},"excerpt":{"rendered":"<p>Komplet dveh elegantnih kozarcev za belo vino (250 ml) Bohemia Crystal za romanti\u010dne ve\u010dere v dvoje. Pakirano v darilni \u0161katli Vanilla Season.<\/p>","protected":false},"featured_media":126367,"template":"","meta":{"_acf_changed":false,"inline_featured_image":false,"_bst_post_transparent":"","_bst_post_title":"","_bst_post_layout":"","_bst_post_sidebar_id":"","_bst_post_content_style":"","_bst_post_vertical_padding":"","_bst_post_feature":"","_bst_post_feature_position":"","_bst_post_header":false,"_bst_post_footer":false},"product_brand":[],"product_cat":[2511,2512,2513],"product_tag":[],"class_list":{"0":"post-126373","1":"product","2":"type-product","3":"status-publish","4":"has-post-thumbnail","6":"product_cat-mugs-cups-jugs","7":"product_cat-sets-and-drinking-accessories","8":"product_cat-wine-bar","10":"first","11":"instock","12":"taxable","13":"shipping-taxable","14":"purchasable","15":"product-type-variable","16":"entry","17":"content-bg","18":"loop-entry"},"acf":[],"_links":{"self":[{"href":"https:\/\/www.emporio.si\/si\/wp-json\/wp\/v2\/product\/126373","targetHints":{"allow":["GET"]}}],"collection":[{"href":"https:\/\/www.emporio.si\/si\/wp-json\/wp\/v2\/product"}],"about":[{"href":"https:\/\/www.emporio.si\/si\/wp-json\/wp\/v2\/types\/product"}],"wp:featuredmedia":[{"embeddable":true,"href":"https:\/\/www.emporio.si\/si\/wp-json\/wp\/v2\/media\/126367"}],"wp:attachment":[{"href":"https:\/\/www.emporio.si\/si\/wp-json\/wp\/v2\/media?parent=126373"}],"wp:term":[{"taxonomy":"product_brand","embeddable":true,"href":"https:\/\/www.emporio.si\/si\/wp-json\/wp\/v2\/product_brand?post=126373"},{"taxonomy":"product_cat","embeddable":true,"href":"https:\/\/www.emporio.si\/si\/wp-json\/wp\/v2\/product_cat?post=126373"},{"taxonomy":"product_tag","embeddable":true,"href":"https:\/\/www.emporio.si\/si\/wp-json\/wp\/v2\/product_tag?post=126373"}],"curies":[{"name":"wp","href":"https:\/\/api.w.org\/{rel}","templated":true}]}}