
{"id":126465,"date":"2024-10-08T15:08:57","date_gmt":"2024-10-08T15:08:57","guid":{"rendered":"https:\/\/www.emporio.si\/product\/maizuru\/"},"modified":"2025-11-10T13:20:14","modified_gmt":"2025-11-10T13:20:14","slug":"maizuru","status":"publish","type":"product","link":"https:\/\/www.emporio.si\/si\/p\/maizuru\/","title":{"rendered":"MAIZURU"},"content":{"rendered":"<p>Prakti\u010dna in ekolo\u0161ka v\u017eigalica, ki ne sme manjkati v nobenem gospodinjstvu. V\u017eigalnik deluje na podlagi elektri\u010dne razelektritve in ne na podlagi plamena. V\u017eigalnik lahko polnite z vti\u010dnico mikro USB na v\u017eigalniku, ki omogo\u010da polnjenje<\/p>","protected":false},"excerpt":{"rendered":"<p>Prakti\u010dna in ekolo\u0161ka v\u017eigalica, ki ne sme manjkati v nobenem gospodinjstvu. V\u017eigalnik deluje na podlagi elektri\u010dne razelektritve in ne na podlagi plamena. V\u017eigalnik lahko polnite z vti\u010dnico mikro USB na v\u017eigalniku, ki omogo\u010da polnjenje<\/p>","protected":false},"featured_media":126457,"template":"","meta":{"_acf_changed":false,"inline_featured_image":false,"_bst_post_transparent":"","_bst_post_title":"","_bst_post_layout":"","_bst_post_sidebar_id":"","_bst_post_content_style":"","_bst_post_vertical_padding":"","_bst_post_feature":"","_bst_post_feature_position":"","_bst_post_header":false,"_bst_post_footer":false},"product_brand":[],"product_cat":[2507],"product_tag":[],"class_list":{"0":"post-126465","1":"product","2":"type-product","3":"status-publish","4":"has-post-thumbnail","6":"product_cat-kitchen-accessories","8":"first","9":"outofstock","10":"taxable","11":"shipping-taxable","12":"purchasable","13":"product-type-variable","14":"entry","15":"content-bg","16":"loop-entry"},"acf":[],"_links":{"self":[{"href":"https:\/\/www.emporio.si\/si\/wp-json\/wp\/v2\/product\/126465","targetHints":{"allow":["GET"]}}],"collection":[{"href":"https:\/\/www.emporio.si\/si\/wp-json\/wp\/v2\/product"}],"about":[{"href":"https:\/\/www.emporio.si\/si\/wp-json\/wp\/v2\/types\/product"}],"wp:featuredmedia":[{"embeddable":true,"href":"https:\/\/www.emporio.si\/si\/wp-json\/wp\/v2\/media\/126457"}],"wp:attachment":[{"href":"https:\/\/www.emporio.si\/si\/wp-json\/wp\/v2\/media?parent=126465"}],"wp:term":[{"taxonomy":"product_brand","embeddable":true,"href":"https:\/\/www.emporio.si\/si\/wp-json\/wp\/v2\/product_brand?post=126465"},{"taxonomy":"product_cat","embeddable":true,"href":"https:\/\/www.emporio.si\/si\/wp-json\/wp\/v2\/product_cat?post=126465"},{"taxonomy":"product_tag","embeddable":true,"href":"https:\/\/www.emporio.si\/si\/wp-json\/wp\/v2\/product_tag?post=126465"}],"curies":[{"name":"wp","href":"https:\/\/api.w.org\/{rel}","templated":true}]}}