
{"id":126691,"date":"2024-10-08T15:09:38","date_gmt":"2024-10-08T15:09:38","guid":{"rendered":"https:\/\/www.emporio.si\/product\/raipur-ceramic-mug-250-ml\/"},"modified":"2025-10-15T19:20:30","modified_gmt":"2025-10-15T19:20:30","slug":"keramicni-vrc-250-ml","status":"publish","type":"product","link":"https:\/\/www.emporio.si\/si\/p\/keramicni-vrc-250-ml\/","title":{"rendered":"RAIPUR kerami\u010dni vr\u010d 250 ml"},"content":{"rendered":"<p>Kerami\u010dni vr\u010dki za kavo ali \u010daj Vanilla Season v beli barvi. Kro\u017eniki so na voljo v treh velikostih. Izberete lahko 80-mililitrsko razli\u010dico za espresso, 250-mililitrsko razli\u010dico za kavo ali \u010daj ali 330-mililitrski vr\u010d za popoln latte. Skupaj tvorijo eleganten set posode, ki bo krasil vsako kuhinjo. Pakirano v darilni \u0161katli.<\/p>","protected":false},"excerpt":{"rendered":"<p>Vanilla Season ceramic mugs for coffee or tea in white colour. The mugs are offered in three sizes. You can choose an 80 ml version for espresso, a 250 ml version for coffee or tea or a 330 ml mug for the perfect latte. Together, they create an elegant tableware set that will adorn any&#8230;<\/p>","protected":false},"featured_media":126685,"template":"","meta":{"_acf_changed":false,"inline_featured_image":false,"_bst_post_transparent":"","_bst_post_title":"","_bst_post_layout":"","_bst_post_sidebar_id":"","_bst_post_content_style":"","_bst_post_vertical_padding":"","_bst_post_feature":"","_bst_post_feature_position":"","_bst_post_header":false,"_bst_post_footer":false},"product_brand":[],"product_cat":[2511],"product_tag":[],"class_list":{"0":"post-126691","1":"product","2":"type-product","3":"status-publish","4":"has-post-thumbnail","6":"product_cat-mugs-cups-jugs","8":"first","9":"outofstock","10":"featured","11":"taxable","12":"shipping-taxable","13":"purchasable","14":"product-type-variable","15":"entry","16":"content-bg","17":"loop-entry"},"acf":[],"_links":{"self":[{"href":"https:\/\/www.emporio.si\/si\/wp-json\/wp\/v2\/product\/126691","targetHints":{"allow":["GET"]}}],"collection":[{"href":"https:\/\/www.emporio.si\/si\/wp-json\/wp\/v2\/product"}],"about":[{"href":"https:\/\/www.emporio.si\/si\/wp-json\/wp\/v2\/types\/product"}],"wp:featuredmedia":[{"embeddable":true,"href":"https:\/\/www.emporio.si\/si\/wp-json\/wp\/v2\/media\/126685"}],"wp:attachment":[{"href":"https:\/\/www.emporio.si\/si\/wp-json\/wp\/v2\/media?parent=126691"}],"wp:term":[{"taxonomy":"product_brand","embeddable":true,"href":"https:\/\/www.emporio.si\/si\/wp-json\/wp\/v2\/product_brand?post=126691"},{"taxonomy":"product_cat","embeddable":true,"href":"https:\/\/www.emporio.si\/si\/wp-json\/wp\/v2\/product_cat?post=126691"},{"taxonomy":"product_tag","embeddable":true,"href":"https:\/\/www.emporio.si\/si\/wp-json\/wp\/v2\/product_tag?post=126691"}],"curies":[{"name":"wp","href":"https:\/\/api.w.org\/{rel}","templated":true}]}}