
{"id":127030,"date":"2024-10-08T15:10:49","date_gmt":"2024-10-08T15:10:49","guid":{"rendered":"https:\/\/www.emporio.si\/product\/cutlery-pad-in-christmas-tree-shape\/"},"modified":"2025-11-10T13:20:03","modified_gmt":"2025-11-10T13:20:03","slug":"podloga-za-jedilni-pribor-v-obliki-bozicnega-drevesa","status":"publish","type":"product","link":"https:\/\/www.emporio.si\/si\/p\/podloga-za-jedilni-pribor-v-obliki-bozicnega-drevesa\/","title":{"rendered":"Podloga za jedilni pribor v obliki bo\u017ei\u010dnega drevesa"},"content":{"rendered":"<p>Bo\u017ei\u010dna polstena podloga za jedilni pribor v obliki bo\u017ei\u010dnega drevesa, primerna za no\u017e, vilice in \u017elico. Na podlogi bo graviran va\u0161 logotip.<\/p>","protected":false},"excerpt":{"rendered":"<p>Christmassy felt cutlery pad in Christmas tree shape, suitable for knife, fork and spoon. Your logo will be engraved on the mat.<\/p>","protected":false},"featured_media":127026,"template":"","meta":{"_acf_changed":false,"inline_featured_image":false,"_bst_post_transparent":"","_bst_post_title":"","_bst_post_layout":"","_bst_post_sidebar_id":"","_bst_post_content_style":"","_bst_post_vertical_padding":"","_bst_post_feature":"","_bst_post_feature_position":"","_bst_post_header":false,"_bst_post_footer":false},"product_brand":[],"product_cat":[2542,2543,2506],"product_tag":[],"class_list":{"0":"post-127030","1":"product","2":"type-product","3":"status-publish","4":"has-post-thumbnail","6":"product_cat-christmas-ideas","7":"product_cat-christmas-products","8":"product_cat-home-accessories","10":"first","11":"instock","12":"taxable","13":"shipping-taxable","14":"purchasable","15":"product-type-variable","16":"entry","17":"content-bg","18":"loop-entry"},"acf":[],"_links":{"self":[{"href":"https:\/\/www.emporio.si\/si\/wp-json\/wp\/v2\/product\/127030","targetHints":{"allow":["GET"]}}],"collection":[{"href":"https:\/\/www.emporio.si\/si\/wp-json\/wp\/v2\/product"}],"about":[{"href":"https:\/\/www.emporio.si\/si\/wp-json\/wp\/v2\/types\/product"}],"wp:featuredmedia":[{"embeddable":true,"href":"https:\/\/www.emporio.si\/si\/wp-json\/wp\/v2\/media\/127026"}],"wp:attachment":[{"href":"https:\/\/www.emporio.si\/si\/wp-json\/wp\/v2\/media?parent=127030"}],"wp:term":[{"taxonomy":"product_brand","embeddable":true,"href":"https:\/\/www.emporio.si\/si\/wp-json\/wp\/v2\/product_brand?post=127030"},{"taxonomy":"product_cat","embeddable":true,"href":"https:\/\/www.emporio.si\/si\/wp-json\/wp\/v2\/product_cat?post=127030"},{"taxonomy":"product_tag","embeddable":true,"href":"https:\/\/www.emporio.si\/si\/wp-json\/wp\/v2\/product_tag?post=127030"}],"curies":[{"name":"wp","href":"https:\/\/api.w.org\/{rel}","templated":true}]}}