
{"id":127038,"date":"2024-10-08T15:10:51","date_gmt":"2024-10-08T15:10:51","guid":{"rendered":"https:\/\/www.emporio.si\/product\/christmas-hat-visby\/"},"modified":"2025-11-10T13:20:03","modified_gmt":"2025-11-10T13:20:03","slug":"bozicni-klobuk-visby","status":"publish","type":"product","link":"https:\/\/www.emporio.si\/si\/p\/bozicni-klobuk-visby\/","title":{"rendered":"Bo\u017ei\u010dni klobuk Visby"},"content":{"rendered":"<p>Pozdravi od Bo\u017ei\u010dka! Klasika med bo\u017ei\u010dnimi darili vedno znova navdihuje. Ta klobu\u010dek iz klobu\u010devine je vedno moderen, pa naj gre za bo\u017ei\u010dno zabavo ali majhno zahvalno darilo.<\/p>","protected":false},"excerpt":{"rendered":"<p>Pozdravi od Bo\u017ei\u010dka! Klasika med bo\u017ei\u010dnimi darili vedno znova navdihuje. Ta klobu\u010dek iz klobu\u010devine je vedno moderen, pa naj gre za bo\u017ei\u010dno zabavo ali majhno zahvalno darilo.<\/p>","protected":false},"featured_media":127037,"template":"","meta":{"_acf_changed":false,"inline_featured_image":false,"_bst_post_transparent":"","_bst_post_title":"","_bst_post_layout":"","_bst_post_sidebar_id":"","_bst_post_content_style":"","_bst_post_vertical_padding":"","_bst_post_feature":"","_bst_post_feature_position":"","_bst_post_header":false,"_bst_post_footer":false},"product_brand":[],"product_cat":[2540,2542,2543,2506],"product_tag":[],"class_list":{"0":"post-127038","1":"product","2":"type-product","3":"status-publish","4":"has-post-thumbnail","6":"product_cat-caps","7":"product_cat-christmas-ideas","8":"product_cat-christmas-products","9":"product_cat-home-accessories","11":"first","12":"instock","13":"featured","14":"taxable","15":"shipping-taxable","16":"purchasable","17":"product-type-variable","18":"entry","19":"content-bg","20":"loop-entry"},"acf":[],"_links":{"self":[{"href":"https:\/\/www.emporio.si\/si\/wp-json\/wp\/v2\/product\/127038","targetHints":{"allow":["GET"]}}],"collection":[{"href":"https:\/\/www.emporio.si\/si\/wp-json\/wp\/v2\/product"}],"about":[{"href":"https:\/\/www.emporio.si\/si\/wp-json\/wp\/v2\/types\/product"}],"wp:featuredmedia":[{"embeddable":true,"href":"https:\/\/www.emporio.si\/si\/wp-json\/wp\/v2\/media\/127037"}],"wp:attachment":[{"href":"https:\/\/www.emporio.si\/si\/wp-json\/wp\/v2\/media?parent=127038"}],"wp:term":[{"taxonomy":"product_brand","embeddable":true,"href":"https:\/\/www.emporio.si\/si\/wp-json\/wp\/v2\/product_brand?post=127038"},{"taxonomy":"product_cat","embeddable":true,"href":"https:\/\/www.emporio.si\/si\/wp-json\/wp\/v2\/product_cat?post=127038"},{"taxonomy":"product_tag","embeddable":true,"href":"https:\/\/www.emporio.si\/si\/wp-json\/wp\/v2\/product_tag?post=127038"}],"curies":[{"name":"wp","href":"https:\/\/api.w.org\/{rel}","templated":true}]}}