
{"id":127154,"date":"2024-10-08T15:11:14","date_gmt":"2024-10-08T15:11:14","guid":{"rendered":"https:\/\/www.emporio.si\/product\/pelion-backpack\/"},"modified":"2025-10-15T19:20:31","modified_gmt":"2025-10-15T19:20:31","slug":"nahrbtnik-pelion","status":"publish","type":"product","link":"https:\/\/www.emporio.si\/si\/p\/nahrbtnik-pelion\/","title":{"rendered":"Nahrbtnik PELION"},"content":{"rendered":"<p>Lahek in kompakten nahrbtnik Schwarzwolf v sivi barvi. Vklju\u010duje en glavni \u017eep z zadrgo in oblazinjen predal za prenosni ra\u010dunalnik. Spredaj je en manj\u0161i zasilni \u017eep z zadrgo in en ve\u010dji predal z zadrgo z: majhnim \u017eepom, mre\u017eastim \u017eepom, karabinom in organizatorjem za pisala in dokumente. Nahrbtnik ima oblazinjen hrbet in naramnice. Prostornina: 15 l Te\u017ea: 394 g Material: vodoodporen poliester 650D<\/p>","protected":false},"excerpt":{"rendered":"<p>Light and compact Schwarzwolf backpack in a grey color. It includes one main zipper pocket with a padded laptop compartment. In the front is one smaller emergency pocket with a zip and one larger zipper compartment with: small pocket, mesh pocket, carabiner and organizer for pens and documents. The backpack has a padded back and&#8230;<\/p>","protected":false},"featured_media":127147,"template":"","meta":{"_acf_changed":false,"inline_featured_image":false,"_bst_post_transparent":"","_bst_post_title":"","_bst_post_layout":"","_bst_post_sidebar_id":"","_bst_post_content_style":"","_bst_post_vertical_padding":"","_bst_post_feature":"","_bst_post_feature_position":"","_bst_post_header":false,"_bst_post_footer":false},"product_brand":[],"product_cat":[2495],"product_tag":[],"class_list":{"0":"post-127154","1":"product","2":"type-product","3":"status-publish","4":"has-post-thumbnail","6":"product_cat-backpacks-and-shoulder-bags","8":"first","9":"outofstock","10":"taxable","11":"shipping-taxable","12":"purchasable","13":"product-type-variable","14":"entry","15":"content-bg","16":"loop-entry"},"acf":[],"_links":{"self":[{"href":"https:\/\/www.emporio.si\/si\/wp-json\/wp\/v2\/product\/127154","targetHints":{"allow":["GET"]}}],"collection":[{"href":"https:\/\/www.emporio.si\/si\/wp-json\/wp\/v2\/product"}],"about":[{"href":"https:\/\/www.emporio.si\/si\/wp-json\/wp\/v2\/types\/product"}],"wp:featuredmedia":[{"embeddable":true,"href":"https:\/\/www.emporio.si\/si\/wp-json\/wp\/v2\/media\/127147"}],"wp:attachment":[{"href":"https:\/\/www.emporio.si\/si\/wp-json\/wp\/v2\/media?parent=127154"}],"wp:term":[{"taxonomy":"product_brand","embeddable":true,"href":"https:\/\/www.emporio.si\/si\/wp-json\/wp\/v2\/product_brand?post=127154"},{"taxonomy":"product_cat","embeddable":true,"href":"https:\/\/www.emporio.si\/si\/wp-json\/wp\/v2\/product_cat?post=127154"},{"taxonomy":"product_tag","embeddable":true,"href":"https:\/\/www.emporio.si\/si\/wp-json\/wp\/v2\/product_tag?post=127154"}],"curies":[{"name":"wp","href":"https:\/\/api.w.org\/{rel}","templated":true}]}}