
{"id":127207,"date":"2024-10-08T15:11:25","date_gmt":"2024-10-08T15:11:25","guid":{"rendered":"https:\/\/www.emporio.si\/product\/inari-bicycle-tool\/"},"modified":"2025-10-15T19:24:35","modified_gmt":"2025-10-15T19:24:35","slug":"orodje-za-kolesa-inari","status":"publish","type":"product","link":"https:\/\/www.emporio.si\/si\/p\/orodje-za-kolesa-inari\/","title":{"rendered":"Orodje za kolesa INARI"},"content":{"rendered":"<p>Ve\u010dnamensko orodje Schwarzwolf za kolesarje. Vklju\u010duje 7 vrst orodja razli\u010dnih velikosti - klju\u010d za kolesarske \u0161pice, plo\u0161\u010dati izvija\u010d, izvija\u010d fililips, \u0161estilo 4\/5\/6 mm, \u0161estilo od 3,3 do 18 mm, odpira\u010d za steklenice in ravnilo. Pakirano v darilni \u0161katli.<\/p>","protected":false},"excerpt":{"rendered":"<p>Ve\u010dnamensko orodje Schwarzwolf za kolesarje. Vklju\u010duje 7 vrst orodja razli\u010dnih velikosti - klju\u010d za kolesarske \u0161pice, plo\u0161\u010dati izvija\u010d, izvija\u010d fililips, \u0161estilo 4\/5\/6 mm, \u0161estilo od 3,3 do 18 mm, odpira\u010d za steklenice in ravnilo. Pakirano v darilni \u0161katli.<\/p>","protected":false},"featured_media":127197,"template":"","meta":{"_acf_changed":false,"inline_featured_image":false,"_bst_post_transparent":"","_bst_post_title":"","_bst_post_layout":"","_bst_post_sidebar_id":"","_bst_post_content_style":"","_bst_post_vertical_padding":"","_bst_post_feature":"","_bst_post_feature_position":"","_bst_post_header":false,"_bst_post_footer":false},"product_brand":[],"product_cat":[2529],"product_tag":[],"class_list":{"0":"post-127207","1":"product","2":"type-product","3":"status-publish","4":"has-post-thumbnail","6":"product_cat-multitools","8":"first","9":"outofstock","10":"taxable","11":"shipping-taxable","12":"purchasable","13":"product-type-variable","14":"entry","15":"content-bg","16":"loop-entry"},"acf":[],"_links":{"self":[{"href":"https:\/\/www.emporio.si\/si\/wp-json\/wp\/v2\/product\/127207","targetHints":{"allow":["GET"]}}],"collection":[{"href":"https:\/\/www.emporio.si\/si\/wp-json\/wp\/v2\/product"}],"about":[{"href":"https:\/\/www.emporio.si\/si\/wp-json\/wp\/v2\/types\/product"}],"wp:featuredmedia":[{"embeddable":true,"href":"https:\/\/www.emporio.si\/si\/wp-json\/wp\/v2\/media\/127197"}],"wp:attachment":[{"href":"https:\/\/www.emporio.si\/si\/wp-json\/wp\/v2\/media?parent=127207"}],"wp:term":[{"taxonomy":"product_brand","embeddable":true,"href":"https:\/\/www.emporio.si\/si\/wp-json\/wp\/v2\/product_brand?post=127207"},{"taxonomy":"product_cat","embeddable":true,"href":"https:\/\/www.emporio.si\/si\/wp-json\/wp\/v2\/product_cat?post=127207"},{"taxonomy":"product_tag","embeddable":true,"href":"https:\/\/www.emporio.si\/si\/wp-json\/wp\/v2\/product_tag?post=127207"}],"curies":[{"name":"wp","href":"https:\/\/api.w.org\/{rel}","templated":true}]}}