
{"id":127212,"date":"2024-10-08T15:11:26","date_gmt":"2024-10-08T15:11:26","guid":{"rendered":"https:\/\/www.emporio.si\/product\/yarra-travel-set-of-playing-cards\/"},"modified":"2025-10-15T19:24:35","modified_gmt":"2025-10-15T19:24:35","slug":"set-igralnih-kart-yarra-travel","status":"publish","type":"product","link":"https:\/\/www.emporio.si\/si\/p\/set-igralnih-kart-yarra-travel\/","title":{"rendered":"YARRA potovalni set igralnih kart"},"content":{"rendered":"<p>Potovalni komplet Schwarzwolf z igralno karto in kocko v plo\u010devinasti \u0161katli. Ta komplet bo zagotovo dobrodo\u0161el, na primer med taborjenjem, ko boste s prijatelji lahko u\u017eivali ob zabavni igri, ali pa doma z dru\u017eino. Komplet vsebuje 54 igralnih kart z vodoodbojno povr\u0161insko obdelavo, 6 kock, 15 listkov za zapiske in svin\u010dnik. Pakirano v darilni \u0161katli.<\/p>","protected":false},"excerpt":{"rendered":"<p>Schwarzwolf travel set of a playing card and a dice in a tin box. You will certainly welcome this set, for example during your camping trip, when you and your friends will be able to enjoy the evening with a fun game or just at home with your family. The set includes 54 playing cards&#8230;<\/p>","protected":false},"featured_media":127208,"template":"","meta":{"_acf_changed":false,"inline_featured_image":false,"_bst_post_transparent":"","_bst_post_title":"","_bst_post_layout":"","_bst_post_sidebar_id":"","_bst_post_content_style":"","_bst_post_vertical_padding":"","_bst_post_feature":"","_bst_post_feature_position":"","_bst_post_header":false,"_bst_post_footer":false},"product_brand":[],"product_cat":[2523],"product_tag":[],"class_list":{"0":"post-127212","1":"product","2":"type-product","3":"status-publish","4":"has-post-thumbnail","6":"product_cat-games","8":"first","9":"outofstock","10":"taxable","11":"shipping-taxable","12":"purchasable","13":"product-type-variable","14":"entry","15":"content-bg","16":"loop-entry"},"acf":[],"_links":{"self":[{"href":"https:\/\/www.emporio.si\/si\/wp-json\/wp\/v2\/product\/127212","targetHints":{"allow":["GET"]}}],"collection":[{"href":"https:\/\/www.emporio.si\/si\/wp-json\/wp\/v2\/product"}],"about":[{"href":"https:\/\/www.emporio.si\/si\/wp-json\/wp\/v2\/types\/product"}],"wp:featuredmedia":[{"embeddable":true,"href":"https:\/\/www.emporio.si\/si\/wp-json\/wp\/v2\/media\/127208"}],"wp:attachment":[{"href":"https:\/\/www.emporio.si\/si\/wp-json\/wp\/v2\/media?parent=127212"}],"wp:term":[{"taxonomy":"product_brand","embeddable":true,"href":"https:\/\/www.emporio.si\/si\/wp-json\/wp\/v2\/product_brand?post=127212"},{"taxonomy":"product_cat","embeddable":true,"href":"https:\/\/www.emporio.si\/si\/wp-json\/wp\/v2\/product_cat?post=127212"},{"taxonomy":"product_tag","embeddable":true,"href":"https:\/\/www.emporio.si\/si\/wp-json\/wp\/v2\/product_tag?post=127212"}],"curies":[{"name":"wp","href":"https:\/\/api.w.org\/{rel}","templated":true}]}}