
{"id":154426,"date":"2025-09-11T12:09:45","date_gmt":"2025-09-11T12:09:45","guid":{"rendered":"https:\/\/www.emporio.si\/p\/kaleidoscope\/"},"modified":"2025-11-10T13:17:27","modified_gmt":"2025-11-10T13:17:27","slug":"kalejdoskop","status":"publish","type":"product","link":"https:\/\/www.emporio.si\/si\/p\/kalejdoskop\/","title":{"rendered":"Kalejdoskop"},"content":{"rendered":"<p>Ta otro\u0161ka igra\u010da spominja na teleskop. Ko gledate skozi njega, vidite fantasti\u010dne slike, ki jih ustvarja odsev majhnih barvnih plasti\u010dnih kamen\u010dkov. \u010ce kalejdoskop obra\u010date, se slike spreminjajo. Slike kalejdoskopa, njegova simbolika in metafore so umetni\u0161ka oblika, ki o\u010dara \u010dute in osvobaja um. Va\u0161 logotip bomo natisnili na ogrodje predmeta.<\/p>","protected":false},"excerpt":{"rendered":"<p>This children&#8217;s toy is reminiscent of a telescope. When you look through it, you see fantastic images created by the reflection of small, coloured plastic stones. If you turn the kaleidoscope, these images change. The imagery of a kaleidoscope, its symbolism and metaphors, are an art form that enchants the senses and liberates the mind&#8230;.<\/p>","protected":false},"featured_media":154419,"template":"","meta":{"_acf_changed":false,"inline_featured_image":false,"_bst_post_transparent":"","_bst_post_title":"","_bst_post_layout":"","_bst_post_sidebar_id":"","_bst_post_content_style":"","_bst_post_vertical_padding":"","_bst_post_feature":"","_bst_post_feature_position":"","_bst_post_header":false,"_bst_post_footer":false},"product_brand":[],"product_cat":[2523],"product_tag":[],"class_list":{"0":"post-154426","1":"product","2":"type-product","3":"status-publish","4":"has-post-thumbnail","6":"product_cat-games","8":"first","9":"outofstock","10":"taxable","11":"shipping-taxable","12":"purchasable","13":"product-type-variable","14":"entry","15":"content-bg","16":"loop-entry"},"acf":[],"_links":{"self":[{"href":"https:\/\/www.emporio.si\/si\/wp-json\/wp\/v2\/product\/154426","targetHints":{"allow":["GET"]}}],"collection":[{"href":"https:\/\/www.emporio.si\/si\/wp-json\/wp\/v2\/product"}],"about":[{"href":"https:\/\/www.emporio.si\/si\/wp-json\/wp\/v2\/types\/product"}],"wp:featuredmedia":[{"embeddable":true,"href":"https:\/\/www.emporio.si\/si\/wp-json\/wp\/v2\/media\/154419"}],"wp:attachment":[{"href":"https:\/\/www.emporio.si\/si\/wp-json\/wp\/v2\/media?parent=154426"}],"wp:term":[{"taxonomy":"product_brand","embeddable":true,"href":"https:\/\/www.emporio.si\/si\/wp-json\/wp\/v2\/product_brand?post=154426"},{"taxonomy":"product_cat","embeddable":true,"href":"https:\/\/www.emporio.si\/si\/wp-json\/wp\/v2\/product_cat?post=154426"},{"taxonomy":"product_tag","embeddable":true,"href":"https:\/\/www.emporio.si\/si\/wp-json\/wp\/v2\/product_tag?post=154426"}],"curies":[{"name":"wp","href":"https:\/\/api.w.org\/{rel}","templated":true}]}}