
{"id":154582,"date":"2025-09-11T12:10:32","date_gmt":"2025-09-11T12:10:32","guid":{"rendered":"https:\/\/www.emporio.si\/p\/small-carrier-bag-made-from-recycled-cotton\/"},"modified":"2025-11-10T13:17:31","modified_gmt":"2025-11-10T13:17:31","slug":"majhna-nosilna-vrecka-iz-recikliranega-bombaza","status":"publish","type":"product","link":"https:\/\/www.emporio.si\/si\/p\/majhna-nosilna-vrecka-iz-recikliranega-bombaza\/","title":{"rendered":"Majhna nosilna vre\u010dka iz recikliranega bomba\u017ea"},"content":{"rendered":"<p>Majhna nosilna torba (730 g\/m\u00b2) iz recikliranega bomba\u017ea z dvema barvnima dolgima ro\u010dajema in \u010dvrstim spodnjim klinom. Vsestranska uporaba, npr. za nakupovanje, pla\u017eo itd. Prakti\u010den \u017eep z re\u017eami na sprednji strani. Na sprednji \u017eep bomo natisnili va\u0161 logotip.<\/p>","protected":false},"excerpt":{"rendered":"<p>Majhna nosilna torba (730 g\/m\u00b2) iz recikliranega bomba\u017ea z dvema barvnima dolgima ro\u010dajema in \u010dvrstim spodnjim klinom. Vsestranska uporaba, npr. za nakupovanje, pla\u017eo itd. Prakti\u010den \u017eep z re\u017eami na sprednji strani. Na sprednji \u017eep bomo natisnili va\u0161 logotip.<\/p>","protected":false},"featured_media":154577,"template":"","meta":{"_acf_changed":false,"inline_featured_image":false,"_bst_post_transparent":"","_bst_post_title":"","_bst_post_layout":"","_bst_post_sidebar_id":"","_bst_post_content_style":"","_bst_post_vertical_padding":"","_bst_post_feature":"","_bst_post_feature_position":"","_bst_post_header":false,"_bst_post_footer":false},"product_brand":[],"product_cat":[2491,2502,2500],"product_tag":[],"class_list":{"0":"post-154582","1":"product","2":"type-product","3":"status-publish","4":"has-post-thumbnail","6":"product_cat-beach-sccessories","7":"product_cat-eco-friendly-bags","8":"product_cat-shopping-bags-canvas-bags","10":"first","11":"instock","12":"taxable","13":"shipping-taxable","14":"purchasable","15":"product-type-variable","16":"entry","17":"content-bg","18":"loop-entry"},"acf":[],"_links":{"self":[{"href":"https:\/\/www.emporio.si\/si\/wp-json\/wp\/v2\/product\/154582","targetHints":{"allow":["GET"]}}],"collection":[{"href":"https:\/\/www.emporio.si\/si\/wp-json\/wp\/v2\/product"}],"about":[{"href":"https:\/\/www.emporio.si\/si\/wp-json\/wp\/v2\/types\/product"}],"wp:featuredmedia":[{"embeddable":true,"href":"https:\/\/www.emporio.si\/si\/wp-json\/wp\/v2\/media\/154577"}],"wp:attachment":[{"href":"https:\/\/www.emporio.si\/si\/wp-json\/wp\/v2\/media?parent=154582"}],"wp:term":[{"taxonomy":"product_brand","embeddable":true,"href":"https:\/\/www.emporio.si\/si\/wp-json\/wp\/v2\/product_brand?post=154582"},{"taxonomy":"product_cat","embeddable":true,"href":"https:\/\/www.emporio.si\/si\/wp-json\/wp\/v2\/product_cat?post=154582"},{"taxonomy":"product_tag","embeddable":true,"href":"https:\/\/www.emporio.si\/si\/wp-json\/wp\/v2\/product_tag?post=154582"}],"curies":[{"name":"wp","href":"https:\/\/api.w.org\/{rel}","templated":true}]}}