
{"id":154595,"date":"2025-09-11T12:10:38","date_gmt":"2025-09-11T12:10:38","guid":{"rendered":"https:\/\/www.emporio.si\/p\/canvas-shopper-with-long-handles\/"},"modified":"2025-11-10T13:17:31","modified_gmt":"2025-11-10T13:17:31","slug":"nakupovalna-torba-iz-platna-z-dolgimi-rocaji","status":"publish","type":"product","link":"https:\/\/www.emporio.si\/si\/p\/nakupovalna-torba-iz-platna-z-dolgimi-rocaji\/","title":{"rendered":"Nakupovalna torba iz platna z dolgimi ro\u010daji"},"content":{"rendered":"<p>Nosilna torba iz trpe\u017ene in trajnostne platnene tkanine (320 g\/m\u00b2) z dolgimi ro\u010daji in stabilnim spodnjim klinom za varno stojalo. Na sprednji strani je majhen \u017eep za vstavljanje v barvah, ki se ujemajo z barvami ro\u010dajev. Na \u017eepu bo natisnjen va\u0161 logotip.<\/p>","protected":false},"excerpt":{"rendered":"<p>Nosilna torba iz trpe\u017ene in trajnostne platnene tkanine (320 g\/m\u00b2) z dolgimi ro\u010daji in stabilnim spodnjim klinom za varno stojalo. Na sprednji strani je majhen \u017eep za vstavljanje v barvah, ki se ujemajo z barvami ro\u010dajev. Na \u017eepu bo natisnjen va\u0161 logotip.<\/p>","protected":false},"featured_media":154583,"template":"","meta":{"_acf_changed":false,"inline_featured_image":false,"_bst_post_transparent":"","_bst_post_title":"","_bst_post_layout":"","_bst_post_sidebar_id":"","_bst_post_content_style":"","_bst_post_vertical_padding":"","_bst_post_feature":"","_bst_post_feature_position":"","_bst_post_header":false,"_bst_post_footer":false},"product_brand":[],"product_cat":[2502,2500],"product_tag":[],"class_list":{"0":"post-154595","1":"product","2":"type-product","3":"status-publish","4":"has-post-thumbnail","6":"product_cat-eco-friendly-bags","7":"product_cat-shopping-bags-canvas-bags","9":"first","10":"instock","11":"taxable","12":"shipping-taxable","13":"purchasable","14":"product-type-variable","15":"entry","16":"content-bg","17":"loop-entry"},"acf":[],"_links":{"self":[{"href":"https:\/\/www.emporio.si\/si\/wp-json\/wp\/v2\/product\/154595","targetHints":{"allow":["GET"]}}],"collection":[{"href":"https:\/\/www.emporio.si\/si\/wp-json\/wp\/v2\/product"}],"about":[{"href":"https:\/\/www.emporio.si\/si\/wp-json\/wp\/v2\/types\/product"}],"wp:featuredmedia":[{"embeddable":true,"href":"https:\/\/www.emporio.si\/si\/wp-json\/wp\/v2\/media\/154583"}],"wp:attachment":[{"href":"https:\/\/www.emporio.si\/si\/wp-json\/wp\/v2\/media?parent=154595"}],"wp:term":[{"taxonomy":"product_brand","embeddable":true,"href":"https:\/\/www.emporio.si\/si\/wp-json\/wp\/v2\/product_brand?post=154595"},{"taxonomy":"product_cat","embeddable":true,"href":"https:\/\/www.emporio.si\/si\/wp-json\/wp\/v2\/product_cat?post=154595"},{"taxonomy":"product_tag","embeddable":true,"href":"https:\/\/www.emporio.si\/si\/wp-json\/wp\/v2\/product_tag?post=154595"}],"curies":[{"name":"wp","href":"https:\/\/api.w.org\/{rel}","templated":true}]}}