
{"id":154801,"date":"2025-09-11T12:11:38","date_gmt":"2025-09-11T12:11:38","guid":{"rendered":"https:\/\/www.emporio.si\/p\/xxl-drinking-cup-1200ml\/"},"modified":"2025-11-10T13:17:34","modified_gmt":"2025-11-10T13:17:34","slug":"skodelica-za-pitje-xxl-1200ml","status":"publish","type":"product","link":"https:\/\/www.emporio.si\/si\/p\/skodelica-za-pitje-xxl-1200ml\/","title":{"rendered":"Skodelica za pitje XXL, 1200 ml"},"content":{"rendered":"<p>Dvostenska plasti\u010dna skodelica za pitje XXL s prostornino 1200 ml, prakti\u010dnim ro\u010dajem za prena\u0161anje in odstranljivo slamico v pokrovu. Na skodelico natisnemo va\u0161 logotip.<\/p>","protected":false},"excerpt":{"rendered":"<p>Dvostenska plasti\u010dna skodelica za pitje XXL s prostornino 1200 ml, prakti\u010dnim ro\u010dajem za prena\u0161anje in odstranljivo slamico v pokrovu. Na skodelico natisnemo va\u0161 logotip.<\/p>","protected":false},"featured_media":154773,"template":"","meta":{"_acf_changed":false,"inline_featured_image":false,"_bst_post_transparent":"","_bst_post_title":"","_bst_post_layout":"","_bst_post_sidebar_id":"","_bst_post_content_style":"","_bst_post_vertical_padding":"","_bst_post_feature":"","_bst_post_feature_position":"","_bst_post_header":false,"_bst_post_footer":false},"product_brand":[],"product_cat":[2508],"product_tag":[],"class_list":{"0":"post-154801","1":"product","2":"type-product","3":"status-publish","4":"has-post-thumbnail","6":"product_cat-thermoses-and-thermos-mugs","8":"first","9":"instock","10":"taxable","11":"shipping-taxable","12":"purchasable","13":"product-type-variable","14":"entry","15":"content-bg","16":"loop-entry"},"acf":[],"_links":{"self":[{"href":"https:\/\/www.emporio.si\/si\/wp-json\/wp\/v2\/product\/154801","targetHints":{"allow":["GET"]}}],"collection":[{"href":"https:\/\/www.emporio.si\/si\/wp-json\/wp\/v2\/product"}],"about":[{"href":"https:\/\/www.emporio.si\/si\/wp-json\/wp\/v2\/types\/product"}],"wp:featuredmedia":[{"embeddable":true,"href":"https:\/\/www.emporio.si\/si\/wp-json\/wp\/v2\/media\/154773"}],"wp:attachment":[{"href":"https:\/\/www.emporio.si\/si\/wp-json\/wp\/v2\/media?parent=154801"}],"wp:term":[{"taxonomy":"product_brand","embeddable":true,"href":"https:\/\/www.emporio.si\/si\/wp-json\/wp\/v2\/product_brand?post=154801"},{"taxonomy":"product_cat","embeddable":true,"href":"https:\/\/www.emporio.si\/si\/wp-json\/wp\/v2\/product_cat?post=154801"},{"taxonomy":"product_tag","embeddable":true,"href":"https:\/\/www.emporio.si\/si\/wp-json\/wp\/v2\/product_tag?post=154801"}],"curies":[{"name":"wp","href":"https:\/\/api.w.org\/{rel}","templated":true}]}}